{"id":246,"date":"2023-02-10T10:04:43","date_gmt":"2023-02-10T09:04:43","guid":{"rendered":"http:\/\/new.bajtnetbusko.pl\/?page_id=246"},"modified":"2023-08-17T12:17:03","modified_gmt":"2023-08-17T10:17:03","slug":"urzadzenia-fiskalne","status":"publish","type":"page","link":"https:\/\/www.bajtbusko.com.pl\/index.php\/urzadzenia-fiskalne\/","title":{"rendered":"URZ\u0104DZENIA FISKALNE"},"content":{"rendered":"\n<div id=\"gspb_row-id-gsbp-d2b23238-d2cc\" class=\"gspb_row gs-on-view gspb_row-id-gsbp-d2b23238-d2cc wp-block-greenshift-blocks-row alignfull gspb_row-id-gsbp-d2b23238-d2cc gspb_row--gutter-custom-0\" data-aos=\"fade\" data-aos-easing=\"ease\" data-aos-duration=\"2500\" data-aos-once=\"true\"><div class=\"gspb_backgroundOverlay gspb-inview\"><\/div><div class=\"gspb_row__content\"> \n<div id=\"gspb_col-id-gsbp-bbc2dc8f-0e56\" class=\"gspb_row__col--6 wp-block-greenshift-blocks-row-column  gspb_col-id-gsbp-bbc2dc8f-0e56\">\n<h2 id=\"gspb_heading-id-gsbp-0e9731fc-07fc\" class=\"gspb_heading gspb_heading-id-gsbp-0e9731fc-07fc \">URZ\u0104DZENIA FISKALNE<\/h2>\n\n\n\n<div id=\"gspb_container-id-gsbp-e0edfec9-ccbf\" class=\"gspb_container gspb_container-gsbp-e0edfec9-ccbf wp-block-greenshift-blocks-container\">\n<div id=\"gspb_container-id-gsbp-a29e6f4c-9563\" class=\"gspb_container gspb_container-gsbp-a29e6f4c-9563 wp-block-greenshift-blocks-container\">\n<div id=\"gspb_iconBox-id-gsbp-a3b50702-c5f2\" class=\"gspb_iconBox gspb_iconBox-id-gsbp-a3b50702-c5f2 wp-block-greenshift-blocks-iconbox\"><div class=\"gspb_iconBox__wrapper\" style=\"display:inline-flex\"><svg class=\"\" style=\"display:inline-block;vertical-align:middle\" width=\"72\" height=\"72\" viewBox=\"0 0 1024 1024\" xmlns=\"http:\/\/www.w3.org\/2000\/svg\"><path style=\"fill:#565D66\" d=\"M1024 397.050l-353.78-51.408-158.22-320.582-158.216 320.582-353.784 51.408 256 249.538-60.432 352.352 316.432-166.358 316.432 166.358-60.434-352.352 256.002-249.538z\"><\/path><\/svg><\/div><\/div>\n\n\n\n<h4 class=\"has-text-align-left is-style-default has-contrastcolor-color has-text-color wp-block-heading\" id=\"online\">ONLINE<\/h4>\n\n\n\n<div id=\"gspb_iconBox-id-gsbp-1a7b443e-8bc8\" class=\"gspb_iconBox gspb_iconBox-id-gsbp-1a7b443e-8bc8 wp-block-greenshift-blocks-iconbox\"><div class=\"gspb_iconBox__wrapper\" style=\"display:inline-flex\"><svg class=\"\" style=\"display:inline-block;vertical-align:middle\" width=\"72\" height=\"72\" viewBox=\"0 0 1024 1024\" xmlns=\"http:\/\/www.w3.org\/2000\/svg\"><path style=\"fill:#565D66\" d=\"M1024 397.050l-353.78-51.408-158.22-320.582-158.216 320.582-353.784 51.408 256 249.538-60.432 352.352 316.432-166.358 316.432 166.358-60.434-352.352 256.002-249.538z\"><\/path><\/svg><\/div><\/div>\n\n\n\n<h4 class=\"has-text-align-left is-style-default has-contrastcolor-color has-text-color wp-block-heading\" id=\"szeroka-oferta\">FUNKCJONALNE<\/h4>\n\n\n\n<div id=\"gspb_iconBox-id-gsbp-2ab9fab3-0a6f\" class=\"gspb_iconBox gspb_iconBox-id-gsbp-2ab9fab3-0a6f wp-block-greenshift-blocks-iconbox\"><div class=\"gspb_iconBox__wrapper\" style=\"display:inline-flex\"><svg class=\"\" style=\"display:inline-block;vertical-align:middle\" width=\"72\" height=\"72\" viewBox=\"0 0 1024 1024\" xmlns=\"http:\/\/www.w3.org\/2000\/svg\"><path style=\"fill:#565D66\" d=\"M1024 397.050l-353.78-51.408-158.22-320.582-158.216 320.582-353.784 51.408 256 249.538-60.432 352.352 316.432-166.358 316.432 166.358-60.434-352.352 256.002-249.538z\"><\/path><\/svg><\/div><\/div>\n\n\n\n<h4 class=\"has-text-align-left is-style-default has-contrastcolor-color has-text-color wp-block-heading\" id=\"szeroka-oferta\">NIEZAWODNE<\/h4>\n\n\n\n<div id=\"gspb_iconBox-id-gsbp-cd35e5b2-b199\" class=\"gspb_iconBox gspb_iconBox-id-gsbp-cd35e5b2-b199 wp-block-greenshift-blocks-iconbox\"><div class=\"gspb_iconBox__wrapper\" style=\"display:inline-flex\"><svg class=\"\" style=\"display:inline-block;vertical-align:middle\" width=\"72\" height=\"72\" viewBox=\"0 0 1024 1024\" xmlns=\"http:\/\/www.w3.org\/2000\/svg\"><path style=\"fill:#565D66\" d=\"M1024 397.050l-353.78-51.408-158.22-320.582-158.216 320.582-353.784 51.408 256 249.538-60.432 352.352 316.432-166.358 316.432 166.358-60.434-352.352 256.002-249.538z\"><\/path><\/svg><\/div><\/div>\n\n\n\n<h4 class=\"has-text-align-left is-style-default has-contrastcolor-color has-text-color wp-block-heading\" id=\"szeroka-oferta\">DLA CIEBIE<\/h4>\n\n\n\n<div id=\"gspb_iconBox-id-gsbp-9ff277f4-1f92\" class=\"gspb_iconBox gspb_iconBox-id-gsbp-9ff277f4-1f92 wp-block-greenshift-blocks-iconbox\"><div class=\"gspb_iconBox__wrapper\" style=\"display:inline-flex\"><svg class=\"\" style=\"display:inline-block;vertical-align:middle\" width=\"72\" height=\"72\" viewBox=\"0 0 1024 1024\" xmlns=\"http:\/\/www.w3.org\/2000\/svg\"><path style=\"fill:#565D66\" d=\"M1024 397.050l-353.78-51.408-158.22-320.582-158.216 320.582-353.784 51.408 256 249.538-60.432 352.352 316.432-166.358 316.432 166.358-60.434-352.352 256.002-249.538z\"><\/path><\/svg><\/div><\/div>\n<\/div>\n<\/div>\n\n\n\n<div id=\"gspb_container-id-gsbp-8d0dcbaf-04c0\" class=\"gspb_container gspb_container-gsbp-8d0dcbaf-04c0 wp-block-greenshift-blocks-container\" data-aos=\"fade-right\" data-aos-easing=\"ease\" data-aos-duration=\"2000\" data-aos-once=\"true\">\n<div id=\"gspb_row-id-gsbp-abba2c5a-7e56\" class=\"gspb_row gspb_row-id-gsbp-abba2c5a-7e56 wp-block-greenshift-blocks-row gspb_row-id-gsbp-abba2c5a-7e56\"><div class=\"gspb_row__content\"> \n<div id=\"gspb_col-id-gsbp-6a48eb71-3cd6\" class=\"gspb_row__col--6 wp-block-greenshift-blocks-row-column  gspb_col-id-gsbp-6a48eb71-3cd6\">\n<div id=\"gspb_container-id-gsbp-e139e64e-7b60\" class=\"gspb_container gspb_container-gsbp-e139e64e-7b60 wp-block-greenshift-blocks-container\">\n<div id=\"gspb_container-id-gsbp-8b9c3b84-7382\" class=\"gspb_container gspb_container-gsbp-8b9c3b84-7382 wp-block-greenshift-blocks-container\"><a class=\"gspb-containerlink\" href=\"https:\/\/novitus.pl\/kasy-fiskalne\" target=\"_blank\" rel=\"noopener\"><\/a>\n<h2 id=\"gspb_heading-id-gsbp-40c32031-7103\" class=\"gspb_heading gspb_heading-id-gsbp-40c32031-7103 \">Kasy fiskalne<\/h2>\n<\/div>\n<\/div>\n<\/div>\n\n\n\n<div id=\"gspb_col-id-gsbp-041952d9-6a9c\" class=\"gspb_row__col--6 wp-block-greenshift-blocks-row-column  gspb_col-id-gsbp-041952d9-6a9c\">\n<div id=\"gspb_text-id-gsbp-5c2379c7-5562\" class=\"gspb_text gspb_text-id-gsbp-5c2379c7-5562 \">doskonale dostosowane do charakteru sprzeda\u017cy, asortymentu, wielko\u015bci punktu handlowego czy te\u017c nat\u0119\u017cenia ruchu<\/div>\n<\/div>\n <\/div><\/div>\n\n\n\n<div id=\"gspb_row-id-gsbp-72d567cb-5bd2\" class=\"gspb_row gspb_row-id-gsbp-72d567cb-5bd2 wp-block-greenshift-blocks-row gspb_row-id-gsbp-72d567cb-5bd2\"><div class=\"gspb_row__content\"> \n<div id=\"gspb_col-id-gsbp-cd9da322-db2c\" class=\"gspb_row__col--6 wp-block-greenshift-blocks-row-column  gspb_col-id-gsbp-cd9da322-db2c\">\n<div id=\"gspb_container-id-gsbp-24835337-aa9d\" class=\"gspb_container gspb_container-gsbp-24835337-aa9d wp-block-greenshift-blocks-container\"><a class=\"gspb-containerlink\" href=\"https:\/\/novitus.pl\/drukarki-fiskalne\" target=\"_blank\" rel=\"noopener\"><\/a>\n<h2 id=\"gspb_heading-id-gsbp-dedb88d4-91f6\" class=\"gspb_heading gspb_heading-id-gsbp-dedb88d4-91f6 \">Drukarki fiskalne<\/h2>\n<\/div>\n<\/div>\n\n\n\n<div id=\"gspb_col-id-gsbp-7fa010d6-1cfe\" class=\"gspb_row__col--6 wp-block-greenshift-blocks-row-column  gspb_col-id-gsbp-7fa010d6-1cfe\">\n<div id=\"gspb_text-id-gsbp-da2b974b-5dd4\" class=\"gspb_text gspb_text-id-gsbp-da2b974b-5dd4 \">pod\u0142\u0105czone do komputera i umo\u017cliwiaj\u0105ce wsp\u00f3\u0142prac\u0119 z gotowymi systemami handlowymi<\/div>\n<\/div>\n <\/div><\/div>\n<\/div>\n<\/div>\n <\/div><\/div>\n\n\n\n<div class=\"wp-block-group alignfull has-black-background-color has-text-color has-background has-link-color wp-elements-099944bce30054d012ca03c5b558f8b8 has-global-padding is-layout-constrained wp-block-group-is-layout-constrained\" style=\"border-top-color:#cfcfcf45;border-top-width:1px;color:#f0f0f0;margin-top:0;margin-bottom:0;padding-top:100px;padding-bottom:40px\">\n<h2 class=\"has-text-align-center has-max-huge-font-size wp-block-heading\" id=\"zapytaj-o-szczegolowa-oferte\" style=\"margin-bottom:20px;font-style:normal;font-weight:400\">Zapytaj o szczeg\u00f3\u0142ow\u0105 ofert\u0119<\/h2>\n\n\n\n<div class=\"wp-block-buttons is-horizontal is-content-justification-center is-layout-flex wp-container-core-buttons-is-layout-cbda912e wp-block-buttons-is-layout-flex\">\n<div class=\"wp-block-button has-custom-width wp-block-button__width-100 has-custom-font-size is-style-cubebtndark has-large-font-size\" style=\"font-style:normal;font-weight:700\"><a class=\"wp-block-button__link wp-element-button\" style=\"border-radius:50px;padding-top:0;padding-right:0;padding-bottom:0;padding-left:0\"><strong>504 206 470<\/strong><\/a><\/div>\n<style scoped>.is-style-cubebtndark .wp-block-button__link{border:none !important;box-shadow: 0px 2px 4px rgb(45 35 66 \/ 20%), 0px 7px 13px -3px rgb(45 35 66 \/ 30%), inset 0px -3px 0px rgb(58 65 111 \/ 50%);\n\t\t\t\t\t\t\ttext-shadow: 0 1px 0 rgb(0 0 0 \/ 40%);}.is-style-cubebtndark .wp-block-button__link:hover{transform: translateY(-2px);}.is-style-cubebtndark .wp-block-button__link:active{transform: translateY(2px);box-shadow: 0px 2px 2px rgb(45 35 66 \/ 15%)}<\/style>\n\n\n<div class=\"wp-block-button has-custom-width wp-block-button__width-100 has-custom-font-size is-style-cubebtndark has-large-font-size\" style=\"font-style:normal;font-weight:700\"><a class=\"wp-block-button__link wp-element-button\" style=\"border-radius:50px;padding-top:0;padding-right:0;padding-bottom:0;padding-left:0\"><strong>jacek@bajtbusko.com.pl<\/strong><\/a><\/div>\n<style scoped>.is-style-cubebtndark .wp-block-button__link{border:none !important;box-shadow: 0px 2px 4px rgb(45 35 66 \/ 20%), 0px 7px 13px -3px rgb(45 35 66 \/ 30%), inset 0px -3px 0px rgb(58 65 111 \/ 50%);\n\t\t\t\t\t\t\ttext-shadow: 0 1px 0 rgb(0 0 0 \/ 40%);}.is-style-cubebtndark .wp-block-button__link:hover{transform: translateY(-2px);}.is-style-cubebtndark .wp-block-button__link:active{transform: translateY(2px);box-shadow: 0px 2px 2px rgb(45 35 66 \/ 15%)}<\/style><\/div>\n<\/div>\n","protected":false},"excerpt":{"rendered":"<p>Zapytaj o szczeg\u00f3\u0142ow\u0105 ofert\u0119<\/p>\n","protected":false},"author":1,"featured_media":0,"parent":0,"menu_order":0,"comment_status":"closed","ping_status":"closed","template":"no-title","meta":{"_gspb_post_css":"#gspb_heading-id-gsbp-0e9731fc-07fc,#gspb_heading-id-gsbp-0e9731fc-07fc .wp-block{font-size:3rem;line-height:3rem}@media (max-width:991.98px){#gspb_heading-id-gsbp-0e9731fc-07fc,#gspb_heading-id-gsbp-0e9731fc-07fc .wp-block{font-size:2.3rem;line-height:2.5rem}}@media (max-width:575.98px){#gspb_heading-id-gsbp-0e9731fc-07fc,#gspb_heading-id-gsbp-0e9731fc-07fc .wp-block{font-size:1.9rem;line-height:2.2rem}#gspb_heading-id-gsbp-0e9731fc-07fc,#gspb_heading-id-gsbp-0e9731fc-07fc .gsap-g-line,#gspb_heading-id-gsbp-0e9731fc-07fc .wp-block{text-align:center!important}}#gspb_heading-id-gsbp-0e9731fc-07fc,#gspb_heading-id-gsbp-0e9731fc-07fc .wp-block{font-weight:700!important;color:#fff}#gspb_heading-id-gsbp-0e9731fc-07fc{margin-bottom:0;margin-left:50px}@media (max-width:575.98px){#gspb_heading-id-gsbp-0e9731fc-07fc{margin-left:5px}}#gspb_iconBox-id-gsbp-a3b50702-c5f2 svg{height:20px!important;width:20px!important;min-width:20px!important}#gspb_iconBox-id-gsbp-1a7b443e-8bc8,#gspb_iconBox-id-gsbp-2ab9fab3-0a6f,#gspb_iconBox-id-gsbp-9ff277f4-1f92,#gspb_iconBox-id-gsbp-a3b50702-c5f2,#gspb_iconBox-id-gsbp-cd35e5b2-b199{justify-content:center;display:flex}#gspb_iconBox-id-gsbp-a3b50702-c5f2 svg,#gspb_iconBox-id-gsbp-a3b50702-c5f2 svg path{fill:#f4751d!important}#gspb_iconBox-id-gsbp-1a7b443e-8bc8 svg,#gspb_iconBox-id-gsbp-2ab9fab3-0a6f svg{height:20px!important;width:20px!important;min-width:20px!important;fill:#f4751d!important}#gspb_iconBox-id-gsbp-1a7b443e-8bc8 svg path,#gspb_iconBox-id-gsbp-2ab9fab3-0a6f svg path{fill:#f4751d!important}#gspb_iconBox-id-gsbp-9ff277f4-1f92 svg,#gspb_iconBox-id-gsbp-cd35e5b2-b199 svg{height:20px!important;width:20px!important;min-width:20px!important;fill:#f4751d!important}#gspb_iconBox-id-gsbp-9ff277f4-1f92 svg path,#gspb_iconBox-id-gsbp-cd35e5b2-b199 svg path{fill:#f4751d!important}#gspb_container-id-gsbp-a29e6f4c-9563.gspb_container{position:relative;flex-direction:column;box-sizing:border-box}#gspb_container-id-gsbp-8b9c3b84-7382.gspb_container .gspb_container__content,#gspb_container-id-gsbp-a29e6f4c-9563.gspb_container .gspb_container__content,#gspb_container-id-gsbp-e0edfec9-ccbf.gspb_container .gspb_container__content{margin:auto}#gspb_container-id-gsbp-24835337-aa9d.gspb_container>p:last-of-type,#gspb_container-id-gsbp-8b9c3b84-7382.gspb_container>p:last-of-type,#gspb_container-id-gsbp-8d0dcbaf-04c0.gspb_container>p:last-of-type,#gspb_container-id-gsbp-a29e6f4c-9563.gspb_container>p:last-of-type,#gspb_container-id-gsbp-e0edfec9-ccbf.gspb_container>p:last-of-type,#gspb_container-id-gsbp-e139e64e-7b60.gspb_container>p:last-of-type{margin-bottom:0}@media (max-width:575.98px){#gspb_container-id-gsbp-a29e6f4c-9563.gspb_container{height:187px}}body.gspb-bodyfront #gspb_container-id-gsbp-a29e6f4c-9563.gspb_container{display:flex;flex-direction:row;justify-content:flex-start;align-items:center}@media (max-width:575.98px){body.gspb-bodyfront #gspb_container-id-gsbp-a29e6f4c-9563.gspb_container{flex-direction:column;flex-wrap:nowrap;justify-content:flex-start;align-content:flex-start;align-items:center}}body.gspb-bodyfront #gspb_container-id-gsbp-a29e6f4c-9563.gspb_container>:not(.block-editor-inner-blocks){margin-right:.2rem}#gspb_container-id-gsbp-a29e6f4c-9563.gspb_container{margin-left:2rem}@media (max-width:575.98px){#gspb_container-id-gsbp-a29e6f4c-9563.gspb_container{margin-top:20px;margin-left:0}}#gspb_container-id-gsbp-e0edfec9-ccbf.gspb_container{position:relative;flex-direction:column;box-sizing:border-box}#gspb_heading-id-gsbp-40c32031-7103,#gspb_heading-id-gsbp-40c32031-7103 .gsap-g-line,#gspb_heading-id-gsbp-40c32031-7103 .wp-block{text-align:center!important}#gspb_heading-id-gsbp-40c32031-7103,#gspb_heading-id-gsbp-40c32031-7103 .wp-block{color:#fafbfd}#gspb_container-id-gsbp-8b9c3b84-7382.gspb_container,#gspb_container-id-gsbp-e139e64e-7b60.gspb_container{position:relative;flex-direction:column;box-sizing:border-box}#gspb_container-id-gsbp-8b9c3b84-7382.gspb_container .gspb-containerlink{position:absolute;top:0;left:0;right:0;bottom:0;z-index:1}#gspb_container-id-gsbp-e139e64e-7b60.gspb_container .gspb_container__content{margin:auto}#gspb_col-id-gsbp-6a48eb71-3cd6.gspb_row__col--6{width:50%}@media (max-width:575.98px){#gspb_col-id-gsbp-6a48eb71-3cd6.gspb_row__col--6{width:100%}}body.gspb-bodyfront #gspb_col-id-gsbp-6a48eb71-3cd6.gspb_row__col--6{width:41%}@media (max-width:575.98px){body.gspb-bodyfront #gspb_col-id-gsbp-6a48eb71-3cd6.gspb_row__col--6{width:100%}}#gspb_col-id-gsbp-6a48eb71-3cd6.gspb_row__col--6{background-image:linear-gradient(135deg,#000 0,#0c0c75 97%);border-style:none}#gspb_col-id-gsbp-6a48eb71-3cd6.gspb_row__col--6,#gspb_col-id-gsbp-6a48eb71-3cd6.gspb_row__col--6>.gspb_backgroundOverlay{border-top-left-radius:35px;border-top-right-radius:35px;border-bottom-right-radius:35px;border-bottom-left-radius:35px}@media (max-width:575.98px){.gspb_text-id-gsbp-5c2379c7-5562,.gspb_text-id-gsbp-5c2379c7-5562 .gsap-g-line,.gspb_text-id-gsbp-5c2379c7-5562 .wp-block{text-align:center!important}}.gspb_text-id-gsbp-5c2379c7-5562,.gspb_text-id-gsbp-5c2379c7-5562 .wp-block{color:#fff}#gspb_col-id-gsbp-041952d9-6a9c.gspb_row__col--6{width:50%}@media (max-width:575.98px){#gspb_col-id-gsbp-041952d9-6a9c.gspb_row__col--6{width:100%}}body.gspb-bodyfront #gspb_col-id-gsbp-041952d9-6a9c.gspb_row__col--6{width:56%}@media (max-width:575.98px){body.gspb-bodyfront #gspb_col-id-gsbp-041952d9-6a9c.gspb_row__col--6{width:100%}}.gspb_row.wp-block-greenshift-blocks-row #gspb_col-id-gsbp-041952d9-6a9c.gspb_row__col--6,.gspb_row.wp-block-greenshift-blocks-row #gspb_col-id-gsbp-7fa010d6-1cfe.gspb_row__col--6{padding-left:1px}#gspb_row-id-gsbp-abba2c5a-7e56.gspb_row{justify-content:space-between;margin-top:0;margin-bottom:0;position:relative;display:flex;flex-wrap:wrap}#gspb_row-id-gsbp-abba2c5a-7e56.gspb_row>.gspb_row__content{display:flex;justify-content:space-between;margin:0 auto;width:100%;flex-wrap:wrap}#gspb_row-id-gsbp-72d567cb-5bd2.gspb_row div[class^=gspb_row__col],#gspb_row-id-gsbp-abba2c5a-7e56.gspb_row div[class^=gspb_row__col],#gspb_row-id-gsbp-d2b23238-d2cc.gspb_row div[class^=gspb_row__col]{flex-direction:column;position:relative}#gspb_row-id-gsbp-abba2c5a-7e56.gspb_row .gspb_row__col--1,#gspb_row-id-gsbp-abba2c5a-7e56.gspb_row .gspb_row__col--10,#gspb_row-id-gsbp-abba2c5a-7e56.gspb_row .gspb_row__col--11,#gspb_row-id-gsbp-abba2c5a-7e56.gspb_row .gspb_row__col--12,#gspb_row-id-gsbp-abba2c5a-7e56.gspb_row .gspb_row__col--2,#gspb_row-id-gsbp-abba2c5a-7e56.gspb_row .gspb_row__col--24,#gspb_row-id-gsbp-abba2c5a-7e56.gspb_row .gspb_row__col--3,#gspb_row-id-gsbp-abba2c5a-7e56.gspb_row .gspb_row__col--4,#gspb_row-id-gsbp-abba2c5a-7e56.gspb_row .gspb_row__col--5,#gspb_row-id-gsbp-abba2c5a-7e56.gspb_row .gspb_row__col--6,#gspb_row-id-gsbp-abba2c5a-7e56.gspb_row .gspb_row__col--7,#gspb_row-id-gsbp-abba2c5a-7e56.gspb_row .gspb_row__col--8,#gspb_row-id-gsbp-abba2c5a-7e56.gspb_row .gspb_row__col--9{padding:15px min(3vw,20px);box-sizing:border-box}#gspb_row-id-gsbp-abba2c5a-7e56.gspb_row>.gspb_row__content{max-width:1200px}@media (max-width:575.98px){#gspb_heading-id-gsbp-dedb88d4-91f6,#gspb_heading-id-gsbp-dedb88d4-91f6 .gsap-g-line,#gspb_heading-id-gsbp-dedb88d4-91f6 .wp-block{text-align:center!important}}#gspb_heading-id-gsbp-dedb88d4-91f6,#gspb_heading-id-gsbp-dedb88d4-91f6 .wp-block{color:#fafbfd}#gspb_container-id-gsbp-24835337-aa9d.gspb_container{position:relative;flex-direction:column;box-sizing:border-box}#gspb_container-id-gsbp-24835337-aa9d.gspb_container .gspb_container__content{margin:auto}#gspb_container-id-gsbp-24835337-aa9d.gspb_container .gspb-containerlink{position:absolute;top:0;left:0;right:0;bottom:0;z-index:1}#gspb_col-id-gsbp-cd9da322-db2c.gspb_row__col--6{width:50%}@media (max-width:575.98px){#gspb_col-id-gsbp-cd9da322-db2c.gspb_row__col--6{width:100%}}body.gspb-bodyfront #gspb_col-id-gsbp-cd9da322-db2c.gspb_row__col--6{width:41%}@media (max-width:575.98px){body.gspb-bodyfront #gspb_col-id-gsbp-cd9da322-db2c.gspb_row__col--6{width:100%}}#gspb_col-id-gsbp-cd9da322-db2c.gspb_row__col--6{background-image:linear-gradient(119deg,#010101 0,#120b30 39%,#43175b 100%);border-style:none}#gspb_col-id-gsbp-cd9da322-db2c.gspb_row__col--6,#gspb_col-id-gsbp-cd9da322-db2c.gspb_row__col--6>.gspb_backgroundOverlay{border-top-left-radius:35px;border-top-right-radius:35px;border-bottom-right-radius:35px;border-bottom-left-radius:35px}@media (max-width:575.98px){.gspb_text-id-gsbp-da2b974b-5dd4,.gspb_text-id-gsbp-da2b974b-5dd4 .gsap-g-line,.gspb_text-id-gsbp-da2b974b-5dd4 .wp-block{text-align:center!important}}.gspb_text-id-gsbp-da2b974b-5dd4,.gspb_text-id-gsbp-da2b974b-5dd4 .wp-block{color:#fff}#gspb_col-id-gsbp-7fa010d6-1cfe.gspb_row__col--6{width:50%}@media (max-width:575.98px){#gspb_col-id-gsbp-7fa010d6-1cfe.gspb_row__col--6{width:100%}}body.gspb-bodyfront #gspb_col-id-gsbp-7fa010d6-1cfe.gspb_row__col--6{width:56%}@media (max-width:575.98px){body.gspb-bodyfront #gspb_col-id-gsbp-7fa010d6-1cfe.gspb_row__col--6{width:100%}}#gspb_row-id-gsbp-72d567cb-5bd2.gspb_row{justify-content:space-between;margin-bottom:0;position:relative;display:flex;flex-wrap:wrap;margin-top:20px}#gspb_row-id-gsbp-72d567cb-5bd2.gspb_row>.gspb_row__content{display:flex;justify-content:space-between;margin:0 auto;width:100%;flex-wrap:wrap}#gspb_row-id-gsbp-72d567cb-5bd2.gspb_row .gspb_row__col--1,#gspb_row-id-gsbp-72d567cb-5bd2.gspb_row .gspb_row__col--10,#gspb_row-id-gsbp-72d567cb-5bd2.gspb_row .gspb_row__col--11,#gspb_row-id-gsbp-72d567cb-5bd2.gspb_row .gspb_row__col--12,#gspb_row-id-gsbp-72d567cb-5bd2.gspb_row .gspb_row__col--2,#gspb_row-id-gsbp-72d567cb-5bd2.gspb_row .gspb_row__col--24,#gspb_row-id-gsbp-72d567cb-5bd2.gspb_row .gspb_row__col--3,#gspb_row-id-gsbp-72d567cb-5bd2.gspb_row .gspb_row__col--4,#gspb_row-id-gsbp-72d567cb-5bd2.gspb_row .gspb_row__col--5,#gspb_row-id-gsbp-72d567cb-5bd2.gspb_row .gspb_row__col--6,#gspb_row-id-gsbp-72d567cb-5bd2.gspb_row .gspb_row__col--7,#gspb_row-id-gsbp-72d567cb-5bd2.gspb_row .gspb_row__col--8,#gspb_row-id-gsbp-72d567cb-5bd2.gspb_row .gspb_row__col--9{padding:15px min(3vw,20px);box-sizing:border-box}#gspb_row-id-gsbp-72d567cb-5bd2.gspb_row>.gspb_row__content{max-width:1200px}#gspb_container-id-gsbp-8d0dcbaf-04c0.gspb_container{position:relative;flex-direction:column;box-sizing:border-box}#gspb_container-id-gsbp-8d0dcbaf-04c0.gspb_container .gspb_container__content{margin:auto}@media (max-width:575.98px){#gspb_container-id-gsbp-8d0dcbaf-04c0.gspb_container{margin-top:300px}}#gspb_container-id-gsbp-8d0dcbaf-04c0.gspb_container{border-style:none;border-color:#0000000a;transition-duration:2s;transition-timing-function:ease;opacity:0;transition-property:opacity,transform;transform:translate3d(-60px,0,0)}#gspb_container-id-gsbp-8d0dcbaf-04c0.gspb_container,#gspb_container-id-gsbp-8d0dcbaf-04c0.gspb_container>.gspb_backgroundOverlay{border-top-left-radius:50px;border-top-right-radius:50px;border-bottom-right-radius:50px;border-bottom-left-radius:50px}#gspb_container-id-gsbp-8d0dcbaf-04c0.gspb_container.aos-animate,#gspb_container-id-gsbp-8d0dcbaf-04c0.gspb_container[data-gs-aos]{opacity:1;transform:translateZ(0)}#gspb_col-id-gsbp-bbc2dc8f-0e56.gspb_row__col--6{width:47.340425531914896%}@media (max-width:575.98px){#gspb_col-id-gsbp-bbc2dc8f-0e56.gspb_row__col--6{width:100%}}body.gspb-bodyfront #gspb_col-id-gsbp-bbc2dc8f-0e56.gspb_row__col--6{width:70%}@media (max-width:575.98px){body.gspb-bodyfront #gspb_col-id-gsbp-bbc2dc8f-0e56.gspb_row__col--6{width:100%}}.gspb_row.wp-block-greenshift-blocks-row #gspb_col-id-gsbp-bbc2dc8f-0e56.gspb_row__col--6{padding-top:1.3rem;padding-right:0;padding-bottom:1.3rem;padding-left:0}@media (max-width:991.98px){.gspb_row.wp-block-greenshift-blocks-row #gspb_col-id-gsbp-bbc2dc8f-0e56.gspb_row__col--6{padding-top:0;padding-bottom:0}}@media (max-width:575.98px){.gspb_row.wp-block-greenshift-blocks-row #gspb_col-id-gsbp-bbc2dc8f-0e56.gspb_row__col--6{padding-left:0}}#gspb_row-id-gsbp-d2b23238-d2cc.gspb_row,body .gspb_row.wp-block-greenshift-blocks-row #gspb_col-id-gsbp-bbc2dc8f-0e56.gspb_row__col--6{display:flex;justify-content:space-between}@media (max-width:575.98px){body .gspb_row.wp-block-greenshift-blocks-row #gspb_col-id-gsbp-bbc2dc8f-0e56.gspb_row__col--6{flex-wrap:nowrap;justify-content:space-between;align-content:flex-start;align-items:center;column-gap:100px}}#gspb_row-id-gsbp-d2b23238-d2cc.gspb_row{margin-bottom:0;position:relative;flex-wrap:wrap;margin-top:0;padding:1.5rem 2rem 6rem}#gspb_row-id-gsbp-d2b23238-d2cc.gspb_row>.gspb_row__content{display:flex;justify-content:space-between;margin:0 auto;width:100%;flex-wrap:wrap}#gspb_row-id-gsbp-d2b23238-d2cc.gspb_row .gspb_row__col--1,#gspb_row-id-gsbp-d2b23238-d2cc.gspb_row .gspb_row__col--10,#gspb_row-id-gsbp-d2b23238-d2cc.gspb_row .gspb_row__col--11,#gspb_row-id-gsbp-d2b23238-d2cc.gspb_row .gspb_row__col--12,#gspb_row-id-gsbp-d2b23238-d2cc.gspb_row .gspb_row__col--2,#gspb_row-id-gsbp-d2b23238-d2cc.gspb_row .gspb_row__col--24,#gspb_row-id-gsbp-d2b23238-d2cc.gspb_row .gspb_row__col--3,#gspb_row-id-gsbp-d2b23238-d2cc.gspb_row .gspb_row__col--4,#gspb_row-id-gsbp-d2b23238-d2cc.gspb_row .gspb_row__col--5,#gspb_row-id-gsbp-d2b23238-d2cc.gspb_row .gspb_row__col--6,#gspb_row-id-gsbp-d2b23238-d2cc.gspb_row .gspb_row__col--7,#gspb_row-id-gsbp-d2b23238-d2cc.gspb_row .gspb_row__col--8,#gspb_row-id-gsbp-d2b23238-d2cc.gspb_row .gspb_row__col--9{padding:15px min(3vw,20px);box-sizing:border-box}#gspb_row-id-gsbp-d2b23238-d2cc.gspb_row>.gspb_row__content{row-gap:50px;max-width:960px}@media (max-width:991.98px){#gspb_row-id-gsbp-d2b23238-d2cc.gspb_row{padding:4rem 1.5rem}}@media (max-width:575.98px){#gspb_row-id-gsbp-d2b23238-d2cc.gspb_row{padding:2.5rem 1rem}}#gspb_row-id-gsbp-d2b23238-d2cc.gspb_row{background-size:contain;background-repeat:no-repeat;background-position:23% 13%;background-image:linear-gradient(180deg,#020202 0,#141846 100%);transition-duration:2.5s;transition-timing-function:ease;opacity:0;transition-property:opacity,transform;z-index:0}#gspb_row-id-gsbp-d2b23238-d2cc.gspb_row>.gspb_backgroundOverlay{position:absolute;top:0;left:0;width:100%;height:100%;z-index:-1;transition:transform .5s cubic-bezier(.165,.84,.44,1),opacity .5s ease,clip-path .5s ease;transform:scale(1) rotate(0deg) translateX(0) translateY(0);will-change:transform,opacity,clip-path;opacity:1}#gspb_row-id-gsbp-d2b23238-d2cc.gspb_row>.gspb_backgroundOverlay.gspb-inview-active{transform:scale(1) rotate(0deg) translateX(0) translateY(0);opacity:1;background-image:url(http:\/\/www.bajtbusko.com.pl\/wp-content\/uploads\/2023\/02\/hde_04.png);background-size:cover;background-repeat:no-repeat;background-position:97% 13%}@media (max-width:575.98px){#gspb_row-id-gsbp-d2b23238-d2cc.gspb_row>.gspb_backgroundOverlay.gspb-inview-active{background-position:57% 51%}}#gspb_row-id-gsbp-d2b23238-d2cc.gspb_row.aos-animate,#gspb_row-id-gsbp-d2b23238-d2cc.gspb_row[data-gs-aos]{opacity:1;transform:translateZ(0)}","_monsterinsights_skip_tracking":false,"_monsterinsights_sitenote_active":false,"_monsterinsights_sitenote_note":"","_monsterinsights_sitenote_category":0,"footnotes":""},"class_list":["post-246","page","type-page","status-publish","hentry"],"aioseo_notices":[],"_links":{"self":[{"href":"https:\/\/www.bajtbusko.com.pl\/index.php\/wp-json\/wp\/v2\/pages\/246","targetHints":{"allow":["GET"]}}],"collection":[{"href":"https:\/\/www.bajtbusko.com.pl\/index.php\/wp-json\/wp\/v2\/pages"}],"about":[{"href":"https:\/\/www.bajtbusko.com.pl\/index.php\/wp-json\/wp\/v2\/types\/page"}],"author":[{"embeddable":true,"href":"https:\/\/www.bajtbusko.com.pl\/index.php\/wp-json\/wp\/v2\/users\/1"}],"replies":[{"embeddable":true,"href":"https:\/\/www.bajtbusko.com.pl\/index.php\/wp-json\/wp\/v2\/comments?post=246"}],"version-history":[{"count":51,"href":"https:\/\/www.bajtbusko.com.pl\/index.php\/wp-json\/wp\/v2\/pages\/246\/revisions"}],"predecessor-version":[{"id":1097,"href":"https:\/\/www.bajtbusko.com.pl\/index.php\/wp-json\/wp\/v2\/pages\/246\/revisions\/1097"}],"wp:attachment":[{"href":"https:\/\/www.bajtbusko.com.pl\/index.php\/wp-json\/wp\/v2\/media?parent=246"}],"curies":[{"name":"wp","href":"https:\/\/api.w.org\/{rel}","templated":true}]}}