{"id":250,"date":"2023-02-10T10:08:08","date_gmt":"2023-02-10T09:08:08","guid":{"rendered":"http:\/\/new.bajtnetbusko.pl\/?page_id=250"},"modified":"2023-08-17T11:36:02","modified_gmt":"2023-08-17T09:36:02","slug":"oprogramowanie","status":"publish","type":"page","link":"https:\/\/www.bajtbusko.com.pl\/index.php\/oprogramowanie\/","title":{"rendered":"OPROGRAMOWANIE"},"content":{"rendered":"\n<h1 id=\"gspb_heading-id-gsbp-d1513f67-0065\" class=\"gspb_heading gspb_heading-id-gsbp-d1513f67-0065 \" data-aos=\"fade-down\" data-aos-easing=\"ease\" data-aos-duration=\"2000\" data-aos-once=\"true\">OPROGRAMOWANIE DLA TWOJEJ FIRMY<br>wybierz ofert\u0119 najlepsz\u0105 dla Ciebie<\/h1>\n\n\n\n<hr class=\"wp-block-separator alignwide has-text-color has-contrastcolor-color has-alpha-channel-opacity has-contrastcolor-background-color has-background is-style-wide\"\/>\n\n\n\n<div id=\"gspb_container-id-gsbp-6b79e114-ea48\" class=\"gspb_container gspb_container-gsbp-6b79e114-ea48 wp-block-greenshift-blocks-container alignwide\" data-aos=\"fade-up\" data-aos-easing=\"ease\" data-aos-duration=\"2000\" data-aos-once=\"true\">\n<div class=\"wp-block-columns alignwide is-layout-flex wp-container-core-columns-is-layout-28f84493 wp-block-columns-is-layout-flex\">\n<div class=\"wp-block-column has-background has-link-color wp-elements-29366cf225099bdfa840aa488bdd2a01 is-layout-flow wp-block-column-is-layout-flow\" style=\"background-color:#f1fbf5;padding-top:2em;padding-right:2em;padding-bottom:2em;padding-left:2em\">\n<div id=\"gspb_image-id-gsbp-cedd7380-c68d\" class=\"gspb_image gspb_image-id-gsbp-cedd7380-c68d wp-block-greenshift-blocks-image\"><img loading=\"lazy\" decoding=\"async\" src=\"https:\/\/www.bajtbusko.com.pl\/wp-content\/uploads\/2023\/02\/comarch.png\" data-src=\"\" alt=\"\" width=\"168\" height=\"300\"\/><\/div>\n\n\n\n<hr class=\"wp-block-separator has-text-color has-lightborder-color has-alpha-channel-opacity has-lightborder-background-color has-background is-style-wide\"\/>\n\n\n\n<ul class=\"wp-block-list\">\n<li>licencjonowanie oparte na modu\u0142ach <\/li>\n\n\n\n<li>\u0142atwa mo\u017cliwo\u015b\u0107 rozbudowy<\/li>\n\n\n\n<li>brak ukrytych koszt\u00f3w<\/li>\n\n\n\n<li>zaawansowane wydruki<\/li>\n<\/ul>\n\n\n\n<div id=\"gspb_container-id-gsbp-acc56d53-ada4\" class=\"gspb_container gspb_container-gsbp-acc56d53-ada4 wp-block-greenshift-blocks-container\"><a class=\"gspb-containerlink\" href=\"https:\/\/www.comarch.pl\/erp\/comarch-optima\/\" target=\"_blank\" rel=\"noopener\"><\/a>\n<div class=\"wp-block-buttons alignfull is-horizontal is-layout-flex wp-container-core-buttons-is-layout-a7a8ffff wp-block-buttons-is-layout-flex\">\n<div class=\"wp-block-button has-custom-width wp-block-button__width-100 is-style-cubebtndark\"><a class=\"wp-block-button__link has-white-color has-black-background-color has-text-color has-background wp-element-button\" style=\"padding-top:15px;padding-right:15px;padding-bottom:15px;padding-left:15px\">Dowiedz si\u0119 wi\u0119cej<\/a><\/div>\n<style scoped>.is-style-cubebtndark .wp-block-button__link{border:none !important;box-shadow: 0px 2px 4px rgb(45 35 66 \/ 20%), 0px 7px 13px -3px rgb(45 35 66 \/ 30%), inset 0px -3px 0px rgb(58 65 111 \/ 50%);\n\t\t\t\t\t\t\ttext-shadow: 0 1px 0 rgb(0 0 0 \/ 40%);}.is-style-cubebtndark .wp-block-button__link:hover{transform: translateY(-2px);}.is-style-cubebtndark .wp-block-button__link:active{transform: translateY(2px);box-shadow: 0px 2px 2px rgb(45 35 66 \/ 15%)}<\/style><\/div>\n<\/div>\n<\/div>\n\n\n\n<div class=\"wp-block-column gs-scaleup-small has-text-color has-background has-link-color wp-elements-656d1901d2cb1d63039a63d04093fb9d is-layout-flow wp-block-column-is-layout-flow\" style=\"color:#000000;background-color:#fbf4ff;padding-top:2em;padding-right:2em;padding-bottom:2em;padding-left:2em\">\n<div id=\"gspb_image-id-gsbp-8d089f70-48b6\" class=\"gspb_image gspb_image-id-gsbp-8d089f70-48b6 wp-block-greenshift-blocks-image\"><img loading=\"lazy\" decoding=\"async\" src=\"https:\/\/www.bajtbusko.com.pl\/wp-content\/uploads\/2023\/02\/Insert-logo.jpg.png\" data-src=\"\" alt=\"\" width=\"187\" height=\"443\"\/><\/div>\n\n\n\n<hr class=\"wp-block-separator has-text-color has-lightborder-color has-alpha-channel-opacity has-lightborder-background-color has-background is-style-wide\"\/>\n\n\n\n<ul class=\"wp-block-list\">\n<li>3 stanowiska sprzeda\u017cowe w podstawowej licencji<\/li>\n\n\n\n<li>programy z linii GT<\/li>\n\n\n\n<li>lekki interfejs<\/li>\n\n\n\n<li>prosty w obs\u0142udze<\/li>\n<\/ul>\n\n\n\n<div id=\"gspb_container-id-gsbp-e9ba97b7-3473\" class=\"gspb_container gspb_container-gsbp-e9ba97b7-3473 wp-block-greenshift-blocks-container\"><a class=\"gspb-containerlink\" href=\"https:\/\/www.insert.com.pl\/programy_dla_firm\/sprzedaz\/subiekt_gt\/opis.html\" target=\"_blank\" rel=\"noopener\"><\/a>\n<div class=\"wp-block-buttons alignfull is-horizontal is-content-justification-center is-layout-flex wp-container-core-buttons-is-layout-03627597 wp-block-buttons-is-layout-flex\">\n<div class=\"wp-block-button has-custom-width wp-block-button__width-100 is-style-cubebtndark\"><a class=\"wp-block-button__link has-textonprimary-color has-primary-background-color has-text-color has-background wp-element-button\" style=\"padding-top:15px;padding-right:15px;padding-bottom:15px;padding-left:15px\">Dowiedz si\u0119 wi\u0119cej<\/a><\/div>\n<style scoped>.is-style-cubebtndark .wp-block-button__link{border:none !important;box-shadow: 0px 2px 4px rgb(45 35 66 \/ 20%), 0px 7px 13px -3px rgb(45 35 66 \/ 30%), inset 0px -3px 0px rgb(58 65 111 \/ 50%);\n\t\t\t\t\t\t\ttext-shadow: 0 1px 0 rgb(0 0 0 \/ 40%);}.is-style-cubebtndark .wp-block-button__link:hover{transform: translateY(-2px);}.is-style-cubebtndark .wp-block-button__link:active{transform: translateY(2px);box-shadow: 0px 2px 2px rgb(45 35 66 \/ 15%)}<\/style><\/div>\n<\/div>\n<\/div>\n\n\n\n<div class=\"wp-block-column has-contrastcolor-background-color has-background has-link-color wp-elements-d029e3ee65af68b41468d09c1a1b724b is-layout-flow wp-block-column-is-layout-flow\" style=\"padding-top:2em;padding-right:2em;padding-bottom:2em;padding-left:2em\">\n<div id=\"gspb_image-id-gsbp-91761250-e8bf\" class=\"gspb_image gspb_image-id-gsbp-91761250-e8bf wp-block-greenshift-blocks-image\"><img loading=\"lazy\" decoding=\"async\" src=\"https:\/\/www.bajtbusko.com.pl\/wp-content\/uploads\/2023\/02\/firma.png\" data-src=\"\" alt=\"\" width=\"447\" height=\"126\"\/><\/div>\n\n\n\n<hr class=\"wp-block-separator has-text-color has-lightborder-color has-alpha-channel-opacity has-lightborder-background-color has-background is-style-wide\"\/>\n\n\n\n<ul class=\"wp-block-list\">\n<li>idealny wyb\u00f3r dla sklep\u00f3w i market\u00f3w spo\u017cywczych<\/li>\n\n\n\n<li>pe\u0142na kontrola nad magazynem<\/li>\n\n\n\n<li>wsp\u00f3\u0142praca z POS-ami<\/li>\n<\/ul>\n\n\n\n<div id=\"gspb_container-id-gsbp-a8588ba9-5d5f\" class=\"gspb_container gspb_container-gsbp-a8588ba9-5d5f wp-block-greenshift-blocks-container\"><a class=\"gspb-containerlink\" href=\"https:\/\/www.kucharscy.com.pl\/\" target=\"_blank\" rel=\"noopener\"><\/a>\n<div class=\"wp-block-buttons alignfull is-horizontal is-content-justification-center is-layout-flex wp-container-core-buttons-is-layout-03627597 wp-block-buttons-is-layout-flex\">\n<div class=\"wp-block-button has-custom-width wp-block-button__width-100 is-style-cubebtndark\"><a class=\"wp-block-button__link has-white-color has-black-background-color has-text-color has-background wp-element-button\" style=\"padding-top:15px;padding-right:15px;padding-bottom:15px;padding-left:15px\">Dowiedz si\u0119 wi\u0119cej<\/a><\/div>\n<style scoped>.is-style-cubebtndark .wp-block-button__link{border:none !important;box-shadow: 0px 2px 4px rgb(45 35 66 \/ 20%), 0px 7px 13px -3px rgb(45 35 66 \/ 30%), inset 0px -3px 0px rgb(58 65 111 \/ 50%);\n\t\t\t\t\t\t\ttext-shadow: 0 1px 0 rgb(0 0 0 \/ 40%);}.is-style-cubebtndark .wp-block-button__link:hover{transform: translateY(-2px);}.is-style-cubebtndark .wp-block-button__link:active{transform: translateY(2px);box-shadow: 0px 2px 2px rgb(45 35 66 \/ 15%)}<\/style><\/div>\n<\/div>\n<\/div>\n<\/div>\n<\/div>\n\n\n\n<div class=\"wp-block-group alignfull has-black-background-color has-text-color has-background has-link-color wp-elements-cfd7946eef4a19173b91b1f49ce9a692 has-global-padding is-layout-constrained wp-container-core-group-is-layout-acfe311b wp-block-group-is-layout-constrained\" style=\"border-top-color:#cfcfcf45;border-top-width:1px;color:#f0f0f0;margin-top:var(--wp--preset--spacing--60);margin-bottom:var(--wp--preset--spacing--60);padding-top:20px;padding-bottom:40px\">\n<p class=\"has-text-align-center\">Masz problem z wyborem? Potrzebujesz porady?<\/p>\n\n\n\n<h5 class=\"has-text-align-center has-large-font-size wp-block-heading\" id=\"zadzwon\" style=\"margin-top:var(--wp--preset--spacing--20);margin-bottom:20px;font-style:normal;font-weight:400\"><strong>ZADZWO\u0143<\/strong><\/h5>\n\n\n\n<div class=\"wp-block-buttons is-horizontal is-content-justification-center is-layout-flex wp-container-core-buttons-is-layout-03627597 wp-block-buttons-is-layout-flex\">\n<div class=\"wp-block-button has-custom-width wp-block-button__width-75 has-custom-font-size is-style-cubebtndark has-big-font-size\"><a class=\"wp-block-button__link wp-element-button\"><strong>515 277 601<\/strong><\/a><\/div>\n<style scoped>.is-style-cubebtndark .wp-block-button__link{border:none !important;box-shadow: 0px 2px 4px rgb(45 35 66 \/ 20%), 0px 7px 13px -3px rgb(45 35 66 \/ 30%), inset 0px -3px 0px rgb(58 65 111 \/ 50%);\n\t\t\t\t\t\t\ttext-shadow: 0 1px 0 rgb(0 0 0 \/ 40%);}.is-style-cubebtndark .wp-block-button__link:hover{transform: translateY(-2px);}.is-style-cubebtndark .wp-block-button__link:active{transform: translateY(2px);box-shadow: 0px 2px 2px rgb(45 35 66 \/ 15%)}<\/style><\/div>\n<\/div>\n","protected":false},"excerpt":{"rendered":"<p>Masz problem z wyborem? Potrzebujesz porady? ZADZWO\u0143<\/p>\n","protected":false},"author":1,"featured_media":0,"parent":0,"menu_order":0,"comment_status":"closed","ping_status":"closed","template":"no-title","meta":{"_gspb_post_css":"#gspb_heading-id-gsbp-d1513f67-0065{transition-duration:2s;transition-timing-function:ease;opacity:0;transition-property:opacity,transform;transform:translate3d(0,-60px,0)}#gspb_heading-id-gsbp-d1513f67-0065.aos-animate,#gspb_heading-id-gsbp-d1513f67-0065[data-gs-aos]{opacity:1;transform:translateZ(0)}#gspb_heading-id-gsbp-d1513f67-0065,#gspb_heading-id-gsbp-d1513f67-0065 .gsap-g-line,#gspb_heading-id-gsbp-d1513f67-0065 .wp-block{text-align:center!important}#gspb_heading-id-gsbp-d1513f67-0065,#gspb_heading-id-gsbp-d1513f67-0065 .wp-block{font-weight:700!important;color:#fffffe}#gspb_heading-id-gsbp-d1513f67-0065{margin-top:101px}#gspb_image-id-gsbp-cedd7380-c68d{text-align:center;height:auto}#gspb_image-id-gsbp-cedd7380-c68d img{vertical-align:top;display:inline-block;width:168px;height:auto}#gspb_container-id-gsbp-acc56d53-ada4.gspb_container{position:relative;flex-direction:column;box-sizing:border-box;margin-top:50px}#gspb_container-id-gsbp-acc56d53-ada4.gspb_container .gspb_container__content{margin:auto}#gspb_container-id-gsbp-6b79e114-ea48.gspb_container>p:last-of-type,#gspb_container-id-gsbp-a8588ba9-5d5f.gspb_container>p:last-of-type,#gspb_container-id-gsbp-acc56d53-ada4.gspb_container>p:last-of-type,#gspb_container-id-gsbp-e9ba97b7-3473.gspb_container>p:last-of-type{margin-bottom:0}#gspb_container-id-gsbp-acc56d53-ada4.gspb_container .gspb-containerlink{position:absolute;top:0;left:0;right:0;bottom:0;z-index:1}#gspb_image-id-gsbp-8d089f70-48b6{text-align:center;margin-bottom:53px;height:auto}#gspb_image-id-gsbp-8d089f70-48b6 img,#gspb_image-id-gsbp-91761250-e8bf img{vertical-align:top;display:inline-block;width:187px;height:auto}#gspb_container-id-gsbp-e9ba97b7-3473.gspb_container .gspb_container__content{margin:auto}#gspb_container-id-gsbp-e9ba97b7-3473.gspb_container .gspb-containerlink{position:absolute;top:0;left:0;right:0;bottom:0;z-index:1}#gspb_image-id-gsbp-91761250-e8bf{text-align:center;margin-top:20px;margin-bottom:42px;height:auto}#gspb_image-id-gsbp-91761250-e8bf img{object-fit:fill;object-position:52% 52%;width:447px}#gspb_container-id-gsbp-6b79e114-ea48.gspb_container,#gspb_container-id-gsbp-a8588ba9-5d5f.gspb_container,#gspb_container-id-gsbp-e9ba97b7-3473.gspb_container{position:relative;flex-direction:column;box-sizing:border-box;margin-top:50px}#gspb_container-id-gsbp-a8588ba9-5d5f.gspb_container .gspb_container__content{margin:auto}#gspb_container-id-gsbp-a8588ba9-5d5f.gspb_container .gspb-containerlink{position:absolute;top:0;left:0;right:0;bottom:0;z-index:1}#gspb_container-id-gsbp-6b79e114-ea48.gspb_container{transition-duration:2s;transition-timing-function:ease;opacity:0;transition-property:opacity,transform;transform:translate3d(0,60px,0)}#gspb_container-id-gsbp-6b79e114-ea48.gspb_container .gspb_container__content{margin:auto}#gspb_container-id-gsbp-6b79e114-ea48.gspb_container.aos-animate,#gspb_container-id-gsbp-6b79e114-ea48.gspb_container[data-gs-aos]{opacity:1;transform:translateZ(0)}","_monsterinsights_skip_tracking":false,"_monsterinsights_sitenote_active":false,"_monsterinsights_sitenote_note":"","_monsterinsights_sitenote_category":0,"footnotes":""},"class_list":["post-250","page","type-page","status-publish","hentry"],"aioseo_notices":[],"_links":{"self":[{"href":"https:\/\/www.bajtbusko.com.pl\/index.php\/wp-json\/wp\/v2\/pages\/250","targetHints":{"allow":["GET"]}}],"collection":[{"href":"https:\/\/www.bajtbusko.com.pl\/index.php\/wp-json\/wp\/v2\/pages"}],"about":[{"href":"https:\/\/www.bajtbusko.com.pl\/index.php\/wp-json\/wp\/v2\/types\/page"}],"author":[{"embeddable":true,"href":"https:\/\/www.bajtbusko.com.pl\/index.php\/wp-json\/wp\/v2\/users\/1"}],"replies":[{"embeddable":true,"href":"https:\/\/www.bajtbusko.com.pl\/index.php\/wp-json\/wp\/v2\/comments?post=250"}],"version-history":[{"count":61,"href":"https:\/\/www.bajtbusko.com.pl\/index.php\/wp-json\/wp\/v2\/pages\/250\/revisions"}],"predecessor-version":[{"id":1074,"href":"https:\/\/www.bajtbusko.com.pl\/index.php\/wp-json\/wp\/v2\/pages\/250\/revisions\/1074"}],"wp:attachment":[{"href":"https:\/\/www.bajtbusko.com.pl\/index.php\/wp-json\/wp\/v2\/media?parent=250"}],"curies":[{"name":"wp","href":"https:\/\/api.w.org\/{rel}","templated":true}]}}