{"id":261,"date":"2023-02-10T16:07:33","date_gmt":"2023-02-10T15:07:33","guid":{"rendered":"http:\/\/new.bajtnetbusko.pl\/?page_id=261"},"modified":"2023-08-17T12:41:17","modified_gmt":"2023-08-17T10:41:17","slug":"internet","status":"publish","type":"page","link":"https:\/\/www.bajtbusko.com.pl\/index.php\/internet\/","title":{"rendered":"INTERNET"},"content":{"rendered":"\n<h2 id=\"gspb_heading-id-gsbp-b3952061-0591\" class=\"gspb_heading gspb_heading-id-gsbp-b3952061-0591 \" data-aos=\"fade\" data-aos-easing=\"ease\" data-aos-duration=\"2000\">INTERNET w TWOIM DOMU<\/h2>\n\n\n\n<div id=\"gspb_container-id-gsbp-a1e2c1d9-b8d5\" class=\"gspb_container gspb_container-gsbp-a1e2c1d9-b8d5 wp-block-greenshift-blocks-container\" data-aos=\"fade\" data-aos-delay=\"1000\" data-aos-easing=\"ease\" data-aos-duration=\"2000\">\n<p class=\"has-text-align-center has-textonprimary-color has-text-color\">Dostarczamy stacjonarny Internet dla miejscowo\u015bci Busko-Zdr\u00f3j, Pi\u0144cz\u00f3w, Nowy Korczyn, Wi\u015blica, Chmielnik i okolic.<\/p>\n<\/div>\n\n\n\n<p class=\"has-text-align-center has-basecolor-color has-text-color\"><\/p>\n\n\n\n<div id=\"gspb_row-id-gsbp-b79a3843-d34b\" class=\"gspb_row gspb_row-id-gsbp-b79a3843-d34b wp-block-greenshift-blocks-row alignfull gspb_row-id-gsbp-b79a3843-d34b\"><div class=\"gspb_row__content\"> \n<div id=\"gspb_col-id-gsbp-2d8afb59-da3e\" class=\"gspb_row__col--12 wp-block-greenshift-blocks-row-column  gspb_col-id-gsbp-2d8afb59-da3e\">\n<div id=\"gspb_container-id-gsbp-7bf3c05c-f052\" class=\"gspb_container gspb_container-gsbp-7bf3c05c-f052 wp-block-greenshift-blocks-container\"><a class=\"gspb-containerlink\" href=\"http:\/\/www.bajtnetbusko.pl\/\" target=\"_blank\" rel=\"noopener\"><\/a><\/div>\n\n\n\n<p><\/p>\n\n\n\n<div class=\"wp-block-columns is-layout-flex wp-container-core-columns-is-layout-28f84493 wp-block-columns-is-layout-flex\">\n<div class=\"wp-block-column is-layout-flow wp-block-column-is-layout-flow\" style=\"padding-top:0;padding-right:0;padding-bottom:0;padding-left:0;flex-basis:550px\">\n<div id=\"gspb_iconsList-id-gsbp-b411a2b4-9737\" class=\"gspb_iconsList gspb_iconsList-id-gsbp-b411a2b4-9737 wp-block-greenshift-blocks-iconlist\" data-aos=\"fade-right\" data-aos-easing=\"ease\" data-aos-duration=\"1000\" data-aos-once=\"true\"><div class=\"gspb_iconsList__item\" data-id=\"0\"><svg class=\"\" style=\"display:inline-block;vertical-align:middle\" width=\"18\" height=\"18\" viewBox=\"0 0 1024 1024\" xmlns=\"http:\/\/www.w3.org\/2000\/svg\"><path style=\"fill:#565D66\" d=\"M1008 512c0 273.934-222.066 496-496 496s-496-222.066-496-496 222.066-496 496-496 496 222.066 496 496zM454.628 774.628l368-368c12.496-12.496 12.496-32.758 0-45.254l-45.254-45.254c-12.496-12.498-32.758-12.498-45.256 0l-300.118 300.116-140.118-140.118c-12.496-12.496-32.758-12.496-45.256 0l-45.254 45.254c-12.496 12.496-12.496 32.758 0 45.254l208 208c12.498 12.498 32.758 12.498 45.256 0.002z\"><\/path><\/svg><span class=\"gspb_iconsList__item__text\">INTERNET \u015aWIAT\u0141OWODOWY<\/span><\/div><\/div>\n<\/div>\n\n\n\n<div class=\"wp-block-column is-layout-flow wp-block-column-is-layout-flow\" style=\"flex-basis:200px\">\n<div id=\"gspb_iconsList-id-gsbp-ab551e56-df86\" class=\"gspb_iconsList gspb_iconsList-id-gsbp-ab551e56-df86 wp-block-greenshift-blocks-iconlist\" data-aos=\"fade-right\" data-aos-delay=\"500\" data-aos-easing=\"ease\" data-aos-duration=\"1000\" data-aos-once=\"true\"><div class=\"gspb_iconsList__item\" data-id=\"0\"><svg class=\"\" style=\"display:inline-block;vertical-align:middle\" width=\"18\" height=\"18\" viewBox=\"0 0 1024 1024\" xmlns=\"http:\/\/www.w3.org\/2000\/svg\"><path style=\"fill:#565D66\" d=\"M1008 512c0 273.934-222.066 496-496 496s-496-222.066-496-496 222.066-496 496-496 496 222.066 496 496zM454.628 774.628l368-368c12.496-12.496 12.496-32.758 0-45.254l-45.254-45.254c-12.496-12.498-32.758-12.498-45.256 0l-300.118 300.116-140.118-140.118c-12.496-12.496-32.758-12.496-45.256 0l-45.254 45.254c-12.496 12.496-12.496 32.758 0 45.254l208 208c12.498 12.498 32.758 12.498 45.256 0.002z\"><\/path><\/svg><span class=\"gspb_iconsList__item__text\">TELEWIZJA<\/span><\/div><\/div>\n<\/div>\n\n\n\n<div class=\"wp-block-column is-layout-flow wp-block-column-is-layout-flow\">\n<div id=\"gspb_iconsList-id-gsbp-2fff1896-21c2\" class=\"gspb_iconsList gspb_iconsList-id-gsbp-2fff1896-21c2 wp-block-greenshift-blocks-iconlist\" data-aos=\"fade-right\" data-aos-delay=\"1000\" data-aos-easing=\"ease\" data-aos-duration=\"1000\" data-aos-once=\"true\"><div class=\"gspb_iconsList__item\" data-id=\"0\"><svg class=\"\" style=\"display:inline-block;vertical-align:middle\" width=\"18\" height=\"18\" viewBox=\"0 0 1024 1024\" xmlns=\"http:\/\/www.w3.org\/2000\/svg\"><path style=\"fill:#565D66\" d=\"M1008 512c0 273.934-222.066 496-496 496s-496-222.066-496-496 222.066-496 496-496 496 222.066 496 496zM454.628 774.628l368-368c12.496-12.496 12.496-32.758 0-45.254l-45.254-45.254c-12.496-12.498-32.758-12.498-45.256 0l-300.118 300.116-140.118-140.118c-12.496-12.496-32.758-12.496-45.256 0l-45.254 45.254c-12.496 12.496-12.496 32.758 0 45.254l208 208c12.498 12.498 32.758 12.498 45.256 0.002z\"><\/path><\/svg><span class=\"gspb_iconsList__item__text\">INTERNET RADIOWY<\/span><\/div><\/div>\n\n\n\n<div class=\"wp-block-buttons is-content-justification-center is-layout-flex wp-container-core-buttons-is-layout-a89b3969 wp-block-buttons-is-layout-flex\"><\/div>\n<\/div>\n<\/div>\n<\/div>\n <\/div><\/div>\n\n\n\n<div id=\"gspb_container-id-gsbp-dd094cb2-207e\" class=\"gspb_container gspb_container-gsbp-dd094cb2-207e wp-block-greenshift-blocks-container alignfull\" data-aos=\"fade-up\" data-aos-easing=\"ease\" data-aos-duration=\"2000\" data-aos-once=\"true\"><a class=\"gspb-containerlink\" href=\"http:\/\/www.bajtnetbusko.pl\/\" target=\"_blank\" rel=\"noopener\"><\/a>\n<div class=\"wp-block-buttons is-content-justification-center is-layout-flex wp-container-core-buttons-is-layout-a89b3969 wp-block-buttons-is-layout-flex\">\n<div class=\"wp-block-button has-custom-width wp-block-button__width-75 has-custom-font-size is-style-cubebtndark has-subheading-font-size\" style=\"font-style:normal;font-weight:500\"><a class=\"wp-block-button__link wp-element-button\">DOWIEDZ SI\u0118 WI\u0118CEJ<\/a><\/div>\n<style scoped>.is-style-cubebtndark .wp-block-button__link{border:none !important;box-shadow: 0px 2px 4px rgb(45 35 66 \/ 20%), 0px 7px 13px -3px rgb(45 35 66 \/ 30%), inset 0px -3px 0px rgb(58 65 111 \/ 50%);\n\t\t\t\t\t\t\ttext-shadow: 0 1px 0 rgb(0 0 0 \/ 40%);}.is-style-cubebtndark .wp-block-button__link:hover{transform: translateY(-2px);}.is-style-cubebtndark .wp-block-button__link:active{transform: translateY(2px);box-shadow: 0px 2px 2px rgb(45 35 66 \/ 15%)}<\/style><\/div>\n<\/div>\n","protected":false},"excerpt":{"rendered":"","protected":false},"author":1,"featured_media":0,"parent":0,"menu_order":0,"comment_status":"closed","ping_status":"closed","template":"no-title","meta":{"_gspb_post_css":"#gspb_heading-id-gsbp-b3952061-0591{transition-duration:2s;transition-timing-function:ease;opacity:0;transition-property:opacity,transform}#gspb_heading-id-gsbp-b3952061-0591.aos-animate,#gspb_heading-id-gsbp-b3952061-0591[data-gs-aos]{opacity:1;transform:translateZ(0)}#gspb_heading-id-gsbp-b3952061-0591,#gspb_heading-id-gsbp-b3952061-0591 .wp-block{font-size:51.81px}#gspb_heading-id-gsbp-b3952061-0591,#gspb_heading-id-gsbp-b3952061-0591 .gsap-g-line,#gspb_heading-id-gsbp-b3952061-0591 .wp-block{text-align:center!important}#gspb_heading-id-gsbp-b3952061-0591,#gspb_heading-id-gsbp-b3952061-0591 .wp-block{font-weight:700!important;color:#fffffd}#gspb_heading-id-gsbp-b3952061-0591{margin-bottom:-20px;padding-top:0}#gspb_container-id-gsbp-a1e2c1d9-b8d5.gspb_container{position:relative;flex-direction:column;box-sizing:border-box;transition-duration:2s;transition-timing-function:ease;transition-delay:0s;opacity:0;transition-property:opacity,transform}#gspb_container-id-gsbp-a1e2c1d9-b8d5.gspb_container .gspb_container__content{margin:auto}#gspb_container-id-gsbp-7bf3c05c-f052.gspb_container>p:last-of-type,#gspb_container-id-gsbp-a1e2c1d9-b8d5.gspb_container>p:last-of-type,#gspb_container-id-gsbp-dd094cb2-207e.gspb_container>p:last-of-type{margin-bottom:0}#gspb_container-id-gsbp-a1e2c1d9-b8d5.gspb_container.aos-animate,#gspb_container-id-gsbp-a1e2c1d9-b8d5.gspb_container[data-gs-aos]{transition-delay:1s;opacity:1;transform:translateZ(0)}#gspb_container-id-gsbp-7bf3c05c-f052.gspb_container{position:relative;flex-direction:column;box-sizing:border-box;margin-top:0;padding:0}#gspb_container-id-gsbp-7bf3c05c-f052.gspb_container .gspb_container__content{margin:auto}body.gspb-bodyfront #gspb_container-id-gsbp-7bf3c05c-f052.gspb_container{display:flex;align-items:center;height:401px}@media (max-width:991.98px){#gspb_container-id-gsbp-7bf3c05c-f052.gspb_container{padding:5rem 2rem}}@media (max-width:575.98px){#gspb_container-id-gsbp-7bf3c05c-f052.gspb_container{padding-top:3rem;padding-bottom:3rem}}@media (max-width:575.98px){body.gspb-bodyfront #gspb_container-id-gsbp-7bf3c05c-f052.gspb_container{height:200px}}#gspb_container-id-gsbp-7bf3c05c-f052.gspb_container,#gspb_container-id-gsbp-7bf3c05c-f052.gspb_container>.gspb_backgroundOverlay{border-top-left-radius:24px;border-top-right-radius:24px;border-bottom-right-radius:24px;border-bottom-left-radius:24px}#gspb_container-id-gsbp-7bf3c05c-f052.gspb_container{background-color:#000001;background-size:initial;background-repeat:no-repeat;background-position:50% 73%}@media (max-width:575.98px){#gspb_container-id-gsbp-7bf3c05c-f052.gspb_container{background-size:contain;background-position:57% 64%}}#gspb_container-id-gsbp-7bf3c05c-f052.gspb_container{background-image:url(http:\/\/www.bajtbusko.com.pl\/wp-content\/uploads\/2023\/04\/Bajtnet-Swiatlowod-2023_01_na_krzywe.png);opacity:.82}#gspb_container-id-gsbp-7bf3c05c-f052.gspb_container .gspb-containerlink{position:absolute;top:0;left:0;right:0;bottom:0;z-index:1}#gspb_iconsList-id-gsbp-b411a2b4-9737.gspb_iconsList .gspb_iconsList__item__text{margin-left:15px}#gspb_iconsList-id-gsbp-b411a2b4-9737.gspb_iconsList .gspb_iconsList__item{display:flex;flex-direction:row;align-items:center;position:relative}#gspb_iconsList-id-gsbp-2fff1896-21c2.gspb_iconsList .gspb_iconsList__item svg path,#gspb_iconsList-id-gsbp-ab551e56-df86.gspb_iconsList .gspb_iconsList__item svg path,#gspb_iconsList-id-gsbp-b411a2b4-9737.gspb_iconsList .gspb_iconsList__item svg path,#gspb_iconsList-id-gsbp-b411a2b4-9737.gspb_iconsList [data-id='0'] svg,#gspb_iconsList-id-gsbp-b411a2b4-9737.gspb_iconsList [data-id='0'] svg path{fill:#2184f9!important}#gspb_iconsList-id-gsbp-b411a2b4-9737.gspb_iconsList img,#gspb_iconsList-id-gsbp-b411a2b4-9737.gspb_iconsList svg{margin-left:180px!important}@media (max-width:575.98px){#gspb_iconsList-id-gsbp-b411a2b4-9737.gspb_iconsList img,#gspb_iconsList-id-gsbp-b411a2b4-9737.gspb_iconsList svg{margin-left:0!important}#gspb_iconsList-id-gsbp-b411a2b4-9737.gspb_iconsList .gspb_iconsList__item__text,#gspb_iconsList-id-gsbp-b411a2b4-9737.gspb_iconsList .gspb_iconsList__item__text .gsap-g-line,#gspb_iconsList-id-gsbp-b411a2b4-9737.gspb_iconsList .gspb_iconsList__item__text .wp-block{text-align:center!important}}#gspb_iconsList-id-gsbp-b411a2b4-9737.gspb_iconsList .gspb_iconsList__item__text,#gspb_iconsList-id-gsbp-b411a2b4-9737.gspb_iconsList .gspb_iconsList__item__text .wp-block{font-weight:800!important;color:#fffffe}#gspb_iconsList-id-gsbp-b411a2b4-9737.gspb_iconsList{transition-duration:1s;transition-timing-function:ease;opacity:0;transition-property:opacity,transform;transform:translate3d(-60px,0,0)}#gspb_iconsList-id-gsbp-b411a2b4-9737.gspb_iconsList.aos-animate,#gspb_iconsList-id-gsbp-b411a2b4-9737.gspb_iconsList[data-gs-aos]{opacity:1;transform:translateZ(0)}#gspb_iconsList-id-gsbp-ab551e56-df86.gspb_iconsList .gspb_iconsList__item__text{margin-left:15px}#gspb_iconsList-id-gsbp-ab551e56-df86.gspb_iconsList .gspb_iconsList__item{display:flex;flex-direction:row;align-items:center;position:relative}#gspb_iconsList-id-gsbp-ab551e56-df86.gspb_iconsList .gspb_iconsList__item__text,#gspb_iconsList-id-gsbp-ab551e56-df86.gspb_iconsList .gspb_iconsList__item__text .wp-block{font-weight:800!important;color:#fff}#gspb_iconsList-id-gsbp-ab551e56-df86.gspb_iconsList.aos-animate,#gspb_iconsList-id-gsbp-ab551e56-df86.gspb_iconsList[data-gs-aos]{transition-delay:.5s;opacity:1;transform:translateZ(0)}#gspb_iconsList-id-gsbp-2fff1896-21c2.gspb_iconsList .gspb_iconsList__item__text{margin-left:15px}#gspb_iconsList-id-gsbp-2fff1896-21c2.gspb_iconsList .gspb_iconsList__item{display:flex;flex-direction:row;align-items:center;position:relative}#gspb_iconsList-id-gsbp-2fff1896-21c2.gspb_iconsList .gspb_iconsList__item__text,#gspb_iconsList-id-gsbp-2fff1896-21c2.gspb_iconsList .gspb_iconsList__item__text .wp-block{font-weight:800!important;color:#fff}#gspb_iconsList-id-gsbp-2fff1896-21c2.gspb_iconsList,#gspb_iconsList-id-gsbp-ab551e56-df86.gspb_iconsList{transition-duration:1s;transition-timing-function:ease;transition-delay:0s;opacity:0;transition-property:opacity,transform;transform:translate3d(-60px,0,0)}#gspb_iconsList-id-gsbp-2fff1896-21c2.gspb_iconsList.aos-animate,#gspb_iconsList-id-gsbp-2fff1896-21c2.gspb_iconsList[data-gs-aos]{transition-delay:1s;opacity:1;transform:translateZ(0)}#gspb_col-id-gsbp-2d8afb59-da3e.gspb_row__col--12{width:100%}@media (max-width:575.98px){#gspb_col-id-gsbp-2d8afb59-da3e.gspb_row__col--12{width:100%}}.gspb_row.wp-block-greenshift-blocks-row #gspb_col-id-gsbp-2d8afb59-da3e.gspb_row__col--12{padding-top:0;padding-right:2rem;padding-bottom:0;padding-left:2rem}@media (max-width:991.98px){.gspb_row.wp-block-greenshift-blocks-row #gspb_col-id-gsbp-2d8afb59-da3e.gspb_row__col--12{padding-right:1.5rem;padding-left:1.5rem}}@media (max-width:575.98px){.gspb_row.wp-block-greenshift-blocks-row #gspb_col-id-gsbp-2d8afb59-da3e.gspb_row__col--12{padding-right:1px;padding-left:1px}}#gspb_row-id-gsbp-b79a3843-d34b.gspb_row{justify-content:space-between;margin-top:0;margin-bottom:0;position:relative;display:flex;flex-wrap:wrap;padding-top:0;padding-bottom:0}#gspb_row-id-gsbp-b79a3843-d34b.gspb_row>.gspb_row__content{display:flex;justify-content:space-between;margin:0 auto;width:100%;flex-wrap:wrap}#gspb_row-id-gsbp-b79a3843-d34b.gspb_row div[class^=gspb_row__col]{flex-direction:column;position:relative}#gspb_row-id-gsbp-b79a3843-d34b.gspb_row .gspb_row__col--1,#gspb_row-id-gsbp-b79a3843-d34b.gspb_row .gspb_row__col--10,#gspb_row-id-gsbp-b79a3843-d34b.gspb_row .gspb_row__col--11,#gspb_row-id-gsbp-b79a3843-d34b.gspb_row .gspb_row__col--12,#gspb_row-id-gsbp-b79a3843-d34b.gspb_row .gspb_row__col--2,#gspb_row-id-gsbp-b79a3843-d34b.gspb_row .gspb_row__col--24,#gspb_row-id-gsbp-b79a3843-d34b.gspb_row .gspb_row__col--3,#gspb_row-id-gsbp-b79a3843-d34b.gspb_row .gspb_row__col--4,#gspb_row-id-gsbp-b79a3843-d34b.gspb_row .gspb_row__col--5,#gspb_row-id-gsbp-b79a3843-d34b.gspb_row .gspb_row__col--6,#gspb_row-id-gsbp-b79a3843-d34b.gspb_row .gspb_row__col--7,#gspb_row-id-gsbp-b79a3843-d34b.gspb_row .gspb_row__col--8,#gspb_row-id-gsbp-b79a3843-d34b.gspb_row .gspb_row__col--9{padding:15px min(3vw,20px);box-sizing:border-box}#gspb_row-id-gsbp-b79a3843-d34b.gspb_row>.gspb_row__content{max-width:1280px}@media (max-width:575.98px){#gspb_row-id-gsbp-b79a3843-d34b.gspb_row>.gspb_row__content{max-width:1280px}}@media (max-width:991.98px){#gspb_row-id-gsbp-b79a3843-d34b.gspb_row{padding-top:4rem;padding-bottom:4rem}}@media (max-width:575.98px){#gspb_row-id-gsbp-b79a3843-d34b.gspb_row{padding-top:3px;padding-bottom:3px}}#gspb_row-id-gsbp-b79a3843-d34b.gspb_row{background-color:#000001;border-width:12px}#gspb_container-id-gsbp-dd094cb2-207e.gspb_container{position:relative;flex-direction:column;box-sizing:border-box;background-color:#000001;transition-duration:2s;transition-timing-function:ease;opacity:0;transition-property:opacity,transform;transform:translate3d(0,60px,0)}#gspb_container-id-gsbp-dd094cb2-207e.gspb_container .gspb_container__content{margin:auto}#gspb_container-id-gsbp-dd094cb2-207e.gspb_container.aos-animate,#gspb_container-id-gsbp-dd094cb2-207e.gspb_container[data-gs-aos]{opacity:1;transform:translateZ(0)}#gspb_container-id-gsbp-dd094cb2-207e.gspb_container .gspb-containerlink{position:absolute;top:0;left:0;right:0;bottom:0;z-index:1}","_monsterinsights_skip_tracking":false,"_monsterinsights_sitenote_active":false,"_monsterinsights_sitenote_note":"","_monsterinsights_sitenote_category":0,"footnotes":""},"class_list":["post-261","page","type-page","status-publish","hentry"],"aioseo_notices":[],"_links":{"self":[{"href":"https:\/\/www.bajtbusko.com.pl\/index.php\/wp-json\/wp\/v2\/pages\/261","targetHints":{"allow":["GET"]}}],"collection":[{"href":"https:\/\/www.bajtbusko.com.pl\/index.php\/wp-json\/wp\/v2\/pages"}],"about":[{"href":"https:\/\/www.bajtbusko.com.pl\/index.php\/wp-json\/wp\/v2\/types\/page"}],"author":[{"embeddable":true,"href":"https:\/\/www.bajtbusko.com.pl\/index.php\/wp-json\/wp\/v2\/users\/1"}],"replies":[{"embeddable":true,"href":"https:\/\/www.bajtbusko.com.pl\/index.php\/wp-json\/wp\/v2\/comments?post=261"}],"version-history":[{"count":42,"href":"https:\/\/www.bajtbusko.com.pl\/index.php\/wp-json\/wp\/v2\/pages\/261\/revisions"}],"predecessor-version":[{"id":1116,"href":"https:\/\/www.bajtbusko.com.pl\/index.php\/wp-json\/wp\/v2\/pages\/261\/revisions\/1116"}],"wp:attachment":[{"href":"https:\/\/www.bajtbusko.com.pl\/index.php\/wp-json\/wp\/v2\/media?parent=261"}],"curies":[{"name":"wp","href":"https:\/\/api.w.org\/{rel}","templated":true}]}}