{"id":716,"date":"2023-03-02T08:59:01","date_gmt":"2023-03-02T07:59:01","guid":{"rendered":"http:\/\/new.bajtnetbusko.pl\/?page_id=716"},"modified":"2023-08-17T12:34:42","modified_gmt":"2023-08-17T10:34:42","slug":"podpis","status":"publish","type":"page","link":"https:\/\/www.bajtbusko.com.pl\/index.php\/podpis\/","title":{"rendered":"PODPIS ELEKTRONICZNY"},"content":{"rendered":"\n<div id=\"gspb_row-id-gsbp-d2b23238-d2cc\" class=\"gspb_row gs-on-view gspb_row-id-gsbp-d2b23238-d2cc wp-block-greenshift-blocks-row alignfull gspb_row--gutter-custom-0 gspb_row-id-gsbp-d2b23238-d2cc gspb_rowu002du002dgutter-custom-0\" data-aos=\"fade\" data-aos-easing=\"ease\" data-aos-duration=\"2500\" data-aos-once=\"true\"><div class=\"gspb_backgroundOverlay gspb-inview\"><\/div><div class=\"gspb_row__content\"> \n<div id=\"gspb_col-id-gsbp-bbc2dc8f-0e56\" class=\"gspb_row__col--6 wp-block-greenshift-blocks-row-column  gspb_col-id-gsbp-bbc2dc8f-0e56\">\n<h2 id=\"gspb_heading-id-gsbp-0e9731fc-07fc\" class=\"gspb_heading gspb_heading-id-gsbp-0e9731fc-07fc \" data-aos=\"fade-up\" data-aos-easing=\"ease\" data-aos-duration=\"2000\">PODPIS ELEKTRONICZNY<\/h2>\n\n\n\n<div id=\"gspb_container-id-gsbp-e0edfec9-ccbf\" class=\"gspb_container gspb_container-gsbp-e0edfec9-ccbf wp-block-greenshift-blocks-container\">\n<div id=\"gspb_container-id-gsbp-a29e6f4c-9563\" class=\"gspb_container gspb_container-gsbp-a29e6f4c-9563 wp-block-greenshift-blocks-container\" data-aos=\"fade-up\" data-aos-delay=\"700\" data-aos-easing=\"ease\" data-aos-duration=\"2000\">\n<div id=\"gspb_iconBox-id-gsbp-a3b50702-c5f2\" class=\"gspb_iconBox gspb_iconBox-id-gsbp-a3b50702-c5f2 wp-block-greenshift-blocks-iconbox\"><div class=\"gspb_iconBox__wrapper\" style=\"display:inline-flex\"><svg class=\"\" style=\"display:inline-block;vertical-align:middle\" width=\"72\" height=\"72\" viewBox=\"0 0 1024 1024\" xmlns=\"http:\/\/www.w3.org\/2000\/svg\"><path style=\"fill:#565D66\" d=\"M1024 397.050l-353.78-51.408-158.22-320.582-158.216 320.582-353.784 51.408 256 249.538-60.432 352.352 316.432-166.358 316.432 166.358-60.434-352.352 256.002-249.538z\"><\/path><\/svg><\/div><\/div>\n\n\n\n<h4 class=\"has-text-align-left is-style-default has-contrastcolor-color has-text-color wp-block-heading\" id=\"w-15min\">W 15MIN<\/h4>\n\n\n\n<div id=\"gspb_iconBox-id-gsbp-1a7b443e-8bc8\" class=\"gspb_iconBox gspb_iconBox-id-gsbp-1a7b443e-8bc8 wp-block-greenshift-blocks-iconbox\"><div class=\"gspb_iconBox__wrapper\" style=\"display:inline-flex\"><svg class=\"\" style=\"display:inline-block;vertical-align:middle\" width=\"72\" height=\"72\" viewBox=\"0 0 1024 1024\" xmlns=\"http:\/\/www.w3.org\/2000\/svg\"><path style=\"fill:#565D66\" d=\"M1024 397.050l-353.78-51.408-158.22-320.582-158.216 320.582-353.784 51.408 256 249.538-60.432 352.352 316.432-166.358 316.432 166.358-60.434-352.352 256.002-249.538z\"><\/path><\/svg><\/div><\/div>\n\n\n\n<h4 class=\"has-text-align-left is-style-default has-contrastcolor-color has-text-color wp-block-heading\" id=\"szeroka-oferta\">UNIWERSALNY<\/h4>\n\n\n\n<div id=\"gspb_iconBox-id-gsbp-2ab9fab3-0a6f\" class=\"gspb_iconBox gspb_iconBox-id-gsbp-2ab9fab3-0a6f wp-block-greenshift-blocks-iconbox\"><div class=\"gspb_iconBox__wrapper\" style=\"display:inline-flex\"><svg class=\"\" style=\"display:inline-block;vertical-align:middle\" width=\"72\" height=\"72\" viewBox=\"0 0 1024 1024\" xmlns=\"http:\/\/www.w3.org\/2000\/svg\"><path style=\"fill:#565D66\" d=\"M1024 397.050l-353.78-51.408-158.22-320.582-158.216 320.582-353.784 51.408 256 249.538-60.432 352.352 316.432-166.358 316.432 166.358-60.434-352.352 256.002-249.538z\"><\/path><\/svg><\/div><\/div>\n\n\n\n<h4 class=\"has-text-align-left is-style-default has-contrastcolor-color has-text-color wp-block-heading\" id=\"szeroka-oferta\">NIEZAWODNY<\/h4>\n\n\n\n<div id=\"gspb_iconBox-id-gsbp-cd35e5b2-b199\" class=\"gspb_iconBox gspb_iconBox-id-gsbp-cd35e5b2-b199 wp-block-greenshift-blocks-iconbox\"><div class=\"gspb_iconBox__wrapper\" style=\"display:inline-flex\"><svg class=\"\" style=\"display:inline-block;vertical-align:middle\" width=\"72\" height=\"72\" viewBox=\"0 0 1024 1024\" xmlns=\"http:\/\/www.w3.org\/2000\/svg\"><path style=\"fill:#565D66\" d=\"M1024 397.050l-353.78-51.408-158.22-320.582-158.216 320.582-353.784 51.408 256 249.538-60.432 352.352 316.432-166.358 316.432 166.358-60.434-352.352 256.002-249.538z\"><\/path><\/svg><\/div><\/div>\n\n\n\n<h4 class=\"has-text-align-left is-style-default has-contrastcolor-color has-text-color wp-block-heading\" id=\"szeroka-oferta\">DLA CIEBIE<\/h4>\n\n\n\n<div id=\"gspb_iconBox-id-gsbp-9ff277f4-1f92\" class=\"gspb_iconBox gspb_iconBox-id-gsbp-9ff277f4-1f92 wp-block-greenshift-blocks-iconbox\"><div class=\"gspb_iconBox__wrapper\" style=\"display:inline-flex\"><svg class=\"\" style=\"display:inline-block;vertical-align:middle\" width=\"72\" height=\"72\" viewBox=\"0 0 1024 1024\" xmlns=\"http:\/\/www.w3.org\/2000\/svg\"><path style=\"fill:#565D66\" d=\"M1024 397.050l-353.78-51.408-158.22-320.582-158.216 320.582-353.784 51.408 256 249.538-60.432 352.352 316.432-166.358 316.432 166.358-60.434-352.352 256.002-249.538z\"><\/path><\/svg><\/div><\/div>\n<\/div>\n<\/div>\n\n\n\n<div id=\"gspb_container-id-gsbp-3ebf47ff-c70f\" class=\"gspb_container gspb_container-gsbp-3ebf47ff-c70f wp-block-greenshift-blocks-container\">\n<div id=\"gspb_container-id-gsbp-8d0dcbaf-04c0\" class=\"gspb_container gspb_container-gsbp-8d0dcbaf-04c0 wp-block-greenshift-blocks-container\" data-aos=\"fade-right\" data-aos-easing=\"ease\" data-aos-duration=\"2000\" data-aos-once=\"true\">\n<div id=\"gspb_text-id-gsbp-04eccc7f-0cdc\" class=\"gspb_text gspb_text-id-gsbp-04eccc7f-0cdc \" data-aos=\"fade-up\" data-aos-delay=\"1400\" data-aos-easing=\"ease\" data-aos-duration=\"2000\">W naszej siedzibie \u0142atwo i szybko wyrobisz certyfikat kwalifikowany \u2013  narz\u0119dzie do elektronicznego podpisywania dokument\u00f3w, um\u00f3w przy zachowaniu pe\u0142nej mocy prawnej. Jedyne czego potrzebujesz to dow\u00f3d osobisty do potwierdzenia to\u017csamo\u015bci oraz adres email, na kt\u00f3ry wy\u015blemy wszystkie dokumenty.<\/div>\n<\/div>\n<\/div>\n<\/div>\n <\/div><\/div>\n\n\n\n<div class=\"wp-block-group alignfull has-black-background-color has-text-color has-background has-link-color wp-elements-b7bc53642234aa797fae9d8b54e53559 has-global-padding is-layout-constrained wp-block-group-is-layout-constrained\" style=\"border-top-color:#cfcfcf45;border-top-width:1px;color:#f0f0f0;margin-top:0;margin-bottom:0;padding-top:100px;padding-bottom:40px\">\n<h2 class=\"has-text-align-center has-max-huge-font-size wp-block-heading\" id=\"zapytaj-o-szczegolowa-oferte\" style=\"margin-bottom:20px;font-style:normal;font-weight:400\">Zapytaj o szczeg\u00f3\u0142ow\u0105 ofert\u0119<\/h2>\n\n\n\n<div class=\"wp-block-buttons is-horizontal is-content-justification-center is-layout-flex wp-container-core-buttons-is-layout-cbda912e wp-block-buttons-is-layout-flex\">\n<div class=\"wp-block-button has-custom-width wp-block-button__width-100 has-custom-font-size is-style-cubebtndark has-large-font-size\" style=\"font-style:normal;font-weight:700\"><a class=\"wp-block-button__link wp-element-button\" style=\"border-radius:50px;padding-top:0;padding-right:0;padding-bottom:0;padding-left:0\"><strong>41 260 55 10<\/strong><\/a><\/div>\n<style scoped>.is-style-cubebtndark .wp-block-button__link{border:none !important;box-shadow: 0px 2px 4px rgb(45 35 66 \/ 20%), 0px 7px 13px -3px rgb(45 35 66 \/ 30%), inset 0px -3px 0px rgb(58 65 111 \/ 50%);\n\t\t\t\t\t\t\ttext-shadow: 0 1px 0 rgb(0 0 0 \/ 40%);}.is-style-cubebtndark .wp-block-button__link:hover{transform: translateY(-2px);}.is-style-cubebtndark .wp-block-button__link:active{transform: translateY(2px);box-shadow: 0px 2px 2px rgb(45 35 66 \/ 15%)}<\/style>\n\n\n<div class=\"wp-block-button has-custom-width wp-block-button__width-100 has-custom-font-size is-style-cubebtndark has-large-font-size\" style=\"font-style:normal;font-weight:700\"><a class=\"wp-block-button__link wp-element-button\" style=\"border-radius:50px;padding-top:0;padding-right:0;padding-bottom:0;padding-left:0\"><strong>biuro@bajtbusko.com.pl<\/strong><\/a><\/div>\n<style scoped>.is-style-cubebtndark .wp-block-button__link{border:none !important;box-shadow: 0px 2px 4px rgb(45 35 66 \/ 20%), 0px 7px 13px -3px rgb(45 35 66 \/ 30%), inset 0px -3px 0px rgb(58 65 111 \/ 50%);\n\t\t\t\t\t\t\ttext-shadow: 0 1px 0 rgb(0 0 0 \/ 40%);}.is-style-cubebtndark .wp-block-button__link:hover{transform: translateY(-2px);}.is-style-cubebtndark .wp-block-button__link:active{transform: translateY(2px);box-shadow: 0px 2px 2px rgb(45 35 66 \/ 15%)}<\/style><\/div>\n<\/div>\n","protected":false},"excerpt":{"rendered":"<p>Zapytaj o szczeg\u00f3\u0142ow\u0105 ofert\u0119<\/p>\n","protected":false},"author":1,"featured_media":0,"parent":0,"menu_order":0,"comment_status":"closed","ping_status":"closed","template":"no-title","meta":{"_gspb_post_css":"#gspb_heading-id-gsbp-0e9731fc-07fc{transition-duration:2s;transition-timing-function:ease;opacity:0;transition-property:opacity,transform;transform:translate3d(0,60px,0)}#gspb_heading-id-gsbp-0e9731fc-07fc.aos-animate,#gspb_heading-id-gsbp-0e9731fc-07fc[data-gs-aos]{opacity:1;transform:translateZ(0)}#gspb_heading-id-gsbp-0e9731fc-07fc,#gspb_heading-id-gsbp-0e9731fc-07fc .wp-block{font-size:3rem;line-height:3rem}@media (max-width:991.98px){#gspb_heading-id-gsbp-0e9731fc-07fc,#gspb_heading-id-gsbp-0e9731fc-07fc .wp-block{font-size:2.3rem;line-height:2.5rem}}@media (max-width:575.98px){#gspb_heading-id-gsbp-0e9731fc-07fc,#gspb_heading-id-gsbp-0e9731fc-07fc .wp-block{font-size:1.9rem;line-height:2.2rem}}#gspb_heading-id-gsbp-0e9731fc-07fc,#gspb_heading-id-gsbp-0e9731fc-07fc .wp-block{font-weight:700!important;color:#fff}#gspb_heading-id-gsbp-0e9731fc-07fc{margin-bottom:0;margin-left:50px}@media (max-width:575.98px){#gspb_heading-id-gsbp-0e9731fc-07fc{margin-left:5px}}#gspb_iconBox-id-gsbp-a3b50702-c5f2 svg{height:20px!important;width:20px!important;min-width:20px!important}#gspb_iconBox-id-gsbp-1a7b443e-8bc8,#gspb_iconBox-id-gsbp-2ab9fab3-0a6f,#gspb_iconBox-id-gsbp-9ff277f4-1f92,#gspb_iconBox-id-gsbp-a3b50702-c5f2,#gspb_iconBox-id-gsbp-cd35e5b2-b199{justify-content:center;display:flex}#gspb_iconBox-id-gsbp-a3b50702-c5f2 svg,#gspb_iconBox-id-gsbp-a3b50702-c5f2 svg path{fill:#f4751d!important}#gspb_iconBox-id-gsbp-1a7b443e-8bc8 svg,#gspb_iconBox-id-gsbp-2ab9fab3-0a6f svg{height:20px!important;width:20px!important;min-width:20px!important;fill:#f4751d!important}#gspb_iconBox-id-gsbp-1a7b443e-8bc8 svg path,#gspb_iconBox-id-gsbp-2ab9fab3-0a6f svg path{fill:#f4751d!important}#gspb_iconBox-id-gsbp-9ff277f4-1f92 svg,#gspb_iconBox-id-gsbp-cd35e5b2-b199 svg{height:20px!important;width:20px!important;min-width:20px!important;fill:#f4751d!important}#gspb_iconBox-id-gsbp-9ff277f4-1f92 svg path,#gspb_iconBox-id-gsbp-cd35e5b2-b199 svg path{fill:#f4751d!important}#gspb_container-id-gsbp-a29e6f4c-9563.gspb_container{position:relative;flex-direction:column;box-sizing:border-box}#gspb_container-id-gsbp-a29e6f4c-9563.gspb_container .gspb_container__content{margin:auto}#gspb_container-id-gsbp-3ebf47ff-c70f.gspb_container>p:last-of-type,#gspb_container-id-gsbp-8d0dcbaf-04c0.gspb_container>p:last-of-type,#gspb_container-id-gsbp-a29e6f4c-9563.gspb_container>p:last-of-type,#gspb_container-id-gsbp-e0edfec9-ccbf.gspb_container>p:last-of-type{margin-bottom:0}@media (max-width:575.98px){#gspb_container-id-gsbp-a29e6f4c-9563.gspb_container{height:187px}}body.gspb-bodyfront #gspb_container-id-gsbp-a29e6f4c-9563.gspb_container{display:flex;flex-direction:row;justify-content:flex-start;align-items:center}@media (max-width:575.98px){body.gspb-bodyfront #gspb_container-id-gsbp-a29e6f4c-9563.gspb_container{flex-direction:column;flex-wrap:nowrap;justify-content:flex-start;align-content:flex-start;align-items:center}}body.gspb-bodyfront #gspb_container-id-gsbp-a29e6f4c-9563.gspb_container>:not(.block-editor-inner-blocks){margin-right:.2rem}#gspb_container-id-gsbp-a29e6f4c-9563.gspb_container{margin-left:2rem}@media (max-width:575.98px){#gspb_container-id-gsbp-a29e6f4c-9563.gspb_container{margin-top:20px;margin-left:-35px}}#gspb_container-id-gsbp-a29e6f4c-9563.gspb_container{transition-duration:2s;transition-timing-function:ease;transition-delay:0s;opacity:0;transition-property:opacity,transform;transform:translate3d(0,60px,0)}#gspb_container-id-gsbp-a29e6f4c-9563.gspb_container.aos-animate,#gspb_container-id-gsbp-a29e6f4c-9563.gspb_container[data-gs-aos]{transition-delay:.7s;opacity:1;transform:translateZ(0)}#gspb_container-id-gsbp-8d0dcbaf-04c0.gspb_container,#gspb_container-id-gsbp-e0edfec9-ccbf.gspb_container{position:relative;flex-direction:column;box-sizing:border-box}#gspb_container-id-gsbp-8d0dcbaf-04c0.gspb_container .gspb_container__content,#gspb_container-id-gsbp-e0edfec9-ccbf.gspb_container .gspb_container__content{margin:auto}.gspb_text-id-gsbp-04eccc7f-0cdc{transition-duration:2s;transition-timing-function:ease;transition-delay:0s;opacity:0;transition-property:opacity,transform;transform:translate3d(0,60px,0)}.gspb_text-id-gsbp-04eccc7f-0cdc.aos-animate,.gspb_text-id-gsbp-04eccc7f-0cdc[data-gs-aos]{transition-delay:1.4s;opacity:1;transform:translateZ(0)}.gspb_text-id-gsbp-04eccc7f-0cdc,.gspb_text-id-gsbp-04eccc7f-0cdc .gsap-g-line,.gspb_text-id-gsbp-04eccc7f-0cdc .wp-block{text-align:right!important}.gspb_text-id-gsbp-04eccc7f-0cdc,.gspb_text-id-gsbp-04eccc7f-0cdc .wp-block{color:#fffffe}.gspb_text-id-gsbp-04eccc7f-0cdc{padding-right:0;padding-left:250px}@media (max-width:575.98px){.gspb_text-id-gsbp-04eccc7f-0cdc{padding-left:0}}@media (max-width:575.98px){#gspb_container-id-gsbp-8d0dcbaf-04c0.gspb_container{margin-top:300px}}#gspb_container-id-gsbp-8d0dcbaf-04c0.gspb_container{border-style:none;border-color:#0000000a;transition-duration:2s;transition-timing-function:ease;opacity:0;transition-property:opacity,transform;transform:translate3d(-60px,0,0)}#gspb_container-id-gsbp-8d0dcbaf-04c0.gspb_container,#gspb_container-id-gsbp-8d0dcbaf-04c0.gspb_container>.gspb_backgroundOverlay{border-top-left-radius:50px;border-top-right-radius:50px;border-bottom-right-radius:50px;border-bottom-left-radius:50px}#gspb_container-id-gsbp-8d0dcbaf-04c0.gspb_container.aos-animate,#gspb_container-id-gsbp-8d0dcbaf-04c0.gspb_container[data-gs-aos]{opacity:1;transform:translateZ(0)}#gspb_container-id-gsbp-3ebf47ff-c70f.gspb_container{position:relative;flex-direction:column;box-sizing:border-box}#gspb_container-id-gsbp-3ebf47ff-c70f.gspb_container .gspb_container__content{margin:auto}#gspb_col-id-gsbp-bbc2dc8f-0e56.gspb_row__col--6{width:45.454706436831295%}@media (max-width:575.98px){#gspb_col-id-gsbp-bbc2dc8f-0e56.gspb_row__col--6{width:100%}}body.gspb-bodyfront #gspb_col-id-gsbp-bbc2dc8f-0e56.gspb_row__col--6{width:70%}@media (max-width:575.98px){body.gspb-bodyfront #gspb_col-id-gsbp-bbc2dc8f-0e56.gspb_row__col--6{width:100%}}.gspb_row.wp-block-greenshift-blocks-row #gspb_col-id-gsbp-bbc2dc8f-0e56.gspb_row__col--6{padding-top:1.3rem;padding-right:0;padding-bottom:1.3rem;padding-left:3.2rem}@media (max-width:991.98px){.gspb_row.wp-block-greenshift-blocks-row #gspb_col-id-gsbp-bbc2dc8f-0e56.gspb_row__col--6{padding-top:0;padding-bottom:0}}#gspb_row-id-gsbp-d2b23238-d2cc.gspb_row,body .gspb_row.wp-block-greenshift-blocks-row #gspb_col-id-gsbp-bbc2dc8f-0e56.gspb_row__col--6{display:flex;justify-content:space-between}#gspb_row-id-gsbp-d2b23238-d2cc.gspb_row{margin-bottom:0;position:relative;flex-wrap:wrap;margin-top:0;padding:1.5rem 2rem 6rem}#gspb_row-id-gsbp-d2b23238-d2cc.gspb_row>.gspb_row__content{display:flex;justify-content:space-between;margin:0 auto;width:100%;flex-wrap:wrap}#gspb_row-id-gsbp-d2b23238-d2cc.gspb_row div[class^=gspb_row__col]{flex-direction:column;position:relative}#gspb_row-id-gsbp-d2b23238-d2cc.gspb_row .gspb_row__col--1,#gspb_row-id-gsbp-d2b23238-d2cc.gspb_row .gspb_row__col--10,#gspb_row-id-gsbp-d2b23238-d2cc.gspb_row .gspb_row__col--11,#gspb_row-id-gsbp-d2b23238-d2cc.gspb_row .gspb_row__col--12,#gspb_row-id-gsbp-d2b23238-d2cc.gspb_row .gspb_row__col--2,#gspb_row-id-gsbp-d2b23238-d2cc.gspb_row .gspb_row__col--24,#gspb_row-id-gsbp-d2b23238-d2cc.gspb_row .gspb_row__col--3,#gspb_row-id-gsbp-d2b23238-d2cc.gspb_row .gspb_row__col--4,#gspb_row-id-gsbp-d2b23238-d2cc.gspb_row .gspb_row__col--5,#gspb_row-id-gsbp-d2b23238-d2cc.gspb_row .gspb_row__col--6,#gspb_row-id-gsbp-d2b23238-d2cc.gspb_row .gspb_row__col--7,#gspb_row-id-gsbp-d2b23238-d2cc.gspb_row .gspb_row__col--8,#gspb_row-id-gsbp-d2b23238-d2cc.gspb_row .gspb_row__col--9{padding:15px min(3vw,20px);box-sizing:border-box}#gspb_row-id-gsbp-d2b23238-d2cc.gspb_row>.gspb_row__content{max-width:960px}@media (max-width:991.98px){#gspb_row-id-gsbp-d2b23238-d2cc.gspb_row{padding:4rem 1.5rem}}@media (max-width:575.98px){#gspb_row-id-gsbp-d2b23238-d2cc.gspb_row{padding:2.5rem 1rem}}#gspb_row-id-gsbp-d2b23238-d2cc.gspb_row{background-size:contain;background-repeat:no-repeat;background-position:23% 13%;background-image:linear-gradient(180deg,#020202 0,#141846 100%);transition-duration:2.5s;transition-timing-function:ease;opacity:0;transition-property:opacity,transform;z-index:0}#gspb_row-id-gsbp-d2b23238-d2cc.gspb_row>.gspb_backgroundOverlay{position:absolute;top:0;left:0;width:100%;height:100%;z-index:-1;transition:transform .5s cubic-bezier(.165,.84,.44,1),opacity .5s ease,clip-path .5s ease;transform:scale(1) rotate(0deg) translateX(0) translateY(0);will-change:transform,opacity,clip-path;opacity:1}#gspb_row-id-gsbp-d2b23238-d2cc.gspb_row>.gspb_backgroundOverlay.gspb-inview-active{transform:scale(1) rotate(0deg) translateX(0) translateY(0);opacity:.21;background-image:url(http:\/\/www.bajtbusko.com.pl\/wp-content\/uploads\/2023\/03\/podpis3.png);background-size:cover;background-repeat:no-repeat;background-position:53% 61%}@media (max-width:575.98px){#gspb_row-id-gsbp-d2b23238-d2cc.gspb_row>.gspb_backgroundOverlay.gspb-inview-active{background-position:81% 43%}}#gspb_row-id-gsbp-d2b23238-d2cc.gspb_row.aos-animate,#gspb_row-id-gsbp-d2b23238-d2cc.gspb_row[data-gs-aos]{opacity:1;transform:translateZ(0)}","_monsterinsights_skip_tracking":false,"_monsterinsights_sitenote_active":false,"_monsterinsights_sitenote_note":"","_monsterinsights_sitenote_category":0,"footnotes":""},"class_list":["post-716","page","type-page","status-publish","hentry"],"aioseo_notices":[],"_links":{"self":[{"href":"https:\/\/www.bajtbusko.com.pl\/index.php\/wp-json\/wp\/v2\/pages\/716","targetHints":{"allow":["GET"]}}],"collection":[{"href":"https:\/\/www.bajtbusko.com.pl\/index.php\/wp-json\/wp\/v2\/pages"}],"about":[{"href":"https:\/\/www.bajtbusko.com.pl\/index.php\/wp-json\/wp\/v2\/types\/page"}],"author":[{"embeddable":true,"href":"https:\/\/www.bajtbusko.com.pl\/index.php\/wp-json\/wp\/v2\/users\/1"}],"replies":[{"embeddable":true,"href":"https:\/\/www.bajtbusko.com.pl\/index.php\/wp-json\/wp\/v2\/comments?post=716"}],"version-history":[{"count":6,"href":"https:\/\/www.bajtbusko.com.pl\/index.php\/wp-json\/wp\/v2\/pages\/716\/revisions"}],"predecessor-version":[{"id":1107,"href":"https:\/\/www.bajtbusko.com.pl\/index.php\/wp-json\/wp\/v2\/pages\/716\/revisions\/1107"}],"wp:attachment":[{"href":"https:\/\/www.bajtbusko.com.pl\/index.php\/wp-json\/wp\/v2\/media?parent=716"}],"curies":[{"name":"wp","href":"https:\/\/api.w.org\/{rel}","templated":true}]}}